{"id":26844,"date":"2018-08-02T12:16:30","date_gmt":"2018-08-02T15:16:30","guid":{"rendered":"https:\/\/www.brf-global.com\/?page_id=26844"},"modified":"2020-10-13T15:48:23","modified_gmt":"2020-10-13T18:48:23","slug":"sustainability-guidelines","status":"publish","type":"page","link":"https:\/\/www.brf-global.com\/en\/sustainability\/how-we-act\/sustainability-guidelines\/","title":{"rendered":"Sustainability Guidelines"},"content":{"rendered":"<style type=\"text\/css\"><span data-mce-type=\"bookmark\" style=\"display: inline-block; width: 0px; overflow: hidden; line-height: 0;\" class=\"mce_SELRES_start\">\ufeff<\/span><span data-mce-type=\"bookmark\" style=\"display: inline-block; width: 0px; overflow: hidden; line-height: 0;\" class=\"mce_SELRES_start\">\ufeff<\/span><br \/>.lista-icones.theme-3 .item {flex: 1 1 25%;}<br \/>.lista-diretrizes.theme-3 .item {flex: 1 1 33%; margin-bottom: 20px;}<br \/>.lista-diretrizes.theme-3 .item h4{margin-bottom: 15px;}<br \/><\/style>\n<div>\n<p>We seek a balanced and integrated chain, based on collaboration and creation of value for all that compose it. We want to re-establish the culture of the field and the sense of belonging in each <a href=\"https:\/\/www.brf-global.com\/en\/sustainability\/supplier-chain\/work-fronts\/\">work front\u00a0<\/a> with shared results and create a virtuous cycle between producers, processors, retailers and consumers.<\/p>\n<div class=\"w w--image w--prod\"><img decoding=\"async\" class=\"img-responsive\" src=\"\/wp-content\/themes\/brf-global\/assets\/images\/politica-sust.jpg\" alt=\"\" \/><\/div>\n<p>We carry out a new process every year called of materiality. Materiality is the identification of the most relevant aspects for the long term. With the aim to understand our evolutions and in what aspects we need to build a specific agenda, we performed interviews with experts market, executives and collaborators, document analysis, sector studies, market benchmarks, among other activities. This whole process allows us to validate and revise the list of priorities for sustainability management of the company.<\/p>\n<p>With this, the legacy we intend to structure, based on a broad vision of sustainability, includes the positive transformation of the BRF global network focused on the main topics:<\/p>\n<div class=\"w w--list lista-icones theme-3 w--border-tb\">\n<div class=\"item\">\n<p><img decoding=\"async\" src=\"\/wp-content\/uploads\/2018\/07\/icon-seguranca-alimentar.jpg\" alt=\"\" \/><\/p>\n<p>Quality, food safety<br \/>\nand traceability<\/p>\n<p><a class=\"btn btn--yellow btn--border-radius btn--text-center\" href=\"https:\/\/www.brf-global.com\/en\/about\/quality\/\" target=\"_blank\" rel=\"noopener\">view more<\/a><\/p>\n<\/div>\n<div class=\"item\">\n<p><img decoding=\"async\" src=\"\/wp-content\/themes\/brf-global\/assets\/images\/sustentabilidade-1.jpg\" alt=\"\" \/><\/p>\n<p>Environment, health<br \/>\nand security<\/p>\n<p><a class=\"btn btn--yellow btn--border-radius btn--text-center\" href=\"https:\/\/www.brf-global.com\/en\/sustainability\/eco-efficiency\/\" target=\"_blank\" rel=\"noopener\">view more<\/a><\/p>\n<\/div>\n<div class=\"item\">\n<p><img decoding=\"async\" src=\"\/wp-content\/uploads\/2018\/07\/icon-perfil-nutricional.jpg\" alt=\"\" \/><\/p>\n<p>Nutritional<br \/>\nprofile<\/p>\n<p><a class=\"btn btn--yellow btn--border-radius btn--text-center\" href=\"https:\/\/www.brf-global.com\/en\/innovation\/\" target=\"_blank\" rel=\"noopener\">view more<\/a><\/p>\n<\/div>\n<div class=\"item\">\n<p><img decoding=\"async\" src=\"\/wp-content\/themes\/brf-global\/assets\/images\/sustentabilidade-2.jpg\" alt=\"\" \/><\/p>\n<p>Animal<br \/>\nwelfare<\/p>\n<p><a class=\"btn btn--yellow btn--border-radius btn--text-center\" href=\"https:\/\/www.brf-global.com\/en\/sustainability\/animal-welfare\/\" target=\"_blank\" rel=\"noopener\">view more<\/a><\/p>\n<\/div>\n<div class=\"item\">\n<p><img decoding=\"async\" src=\"\/wp-content\/themes\/brf-global\/assets\/images\/sustentabilidade-3.jpg\" alt=\"\" \/><\/p>\n<p>Sustainable<br \/>\npartnerships<\/p>\n<p><a class=\"btn btn--yellow btn--border-radius btn--text-center\" href=\"https:\/\/www.brf-global.com\/en\/sustainability\/supplier-chain\/\" target=\"_blank\" rel=\"noopener\">view more<\/a><\/p>\n<\/div>\n<div class=\"item\">\n<p><img decoding=\"async\" src=\"\/wp-content\/themes\/brf-global\/assets\/images\/sustentabilidade-4.jpg\" alt=\"\" \/><\/p>\n<p>Human<br \/>\ndevelopment<\/p>\n<p><a class=\"btn btn--yellow btn--border-radius btn--text-center\" href=\"https:\/\/www.brf-global.com\/en\/sustainability\/labor-practices\/training-and-education\/\" target=\"_blank\" rel=\"noopener\">view more<\/a><\/p>\n<\/div>\n<div class=\"item\">\n<p><img decoding=\"async\" src=\"\/wp-content\/uploads\/2018\/07\/icon-comunidades.jpg\" alt=\"\" \/><\/p>\n<p>Communities<\/p>\n<p><a class=\"btn btn--yellow btn--border-radius btn--text-center\" href=\"https:\/\/www.brf-global.com\/en\/sustainability\/community\/\" target=\"_blank\" rel=\"noopener\">view more<\/a><\/p>\n<\/div>\n<\/div>\n<p>Demonstrating the company&#8217;s understanding of the relevance of aspects related to corporate responsibility and its role as a promoter of sustainable development, we work on large fronts that contemplate these issues, not only in our own operations, but also in the whole chain. Thus, aspects such as the environmental compliance of manufacturing operations, the development of integrated suppliers and producers, the respect and appreciation of our people and voluntary adherence to animal welfare commitments have been increasingly integrated into the business and the purpose of BRF.<\/p>\n<p>For that, our indicators and socio-environmental goals are developed by multiple BRF areas and monitored continuously by the Sustainability area. Aware of the challenge of implementing sustainable management, we study trends and good global actions. We examine its connection with our business, carry out socio-environmental risk analysis, bet on tools for engagement, learning and sustainability culture, map good practices to disseminate and recognize them and dialogue with the market about our progress and challenges.<\/p>\n<h3 style=\"margin-top: 80px; margin-bottom: 20px; color: #e36e35;\">KNOW MORE ABOUT SOME OF BRF&#8217;S GUIDELINES TO GUARANTEE ACTING IS ALIGNED WITH <strong>SUSTAINABLE COMMITMENT<\/strong>:<\/h3>\n<div class=\"w w--list lista-diretrizes theme-3 w--border-tb\">\n<div class=\"item\">\n<h4>BRF&#8217;S COMMITMENTS TO ANIMAL WELFARE<\/h4>\n<p><a class=\"btn btn--purple btn--border-radius btn-bg btn-bg-left btn-bg--download\" href=\"\/wp-content\/uploads\/2018\/08\/Compromissos-BEA-BRF-EN.pdf\">Download<\/a><\/p>\n<\/div>\n<div class=\"item\">\n<h4>POLICY FOR HEALTH, SAFETY AND ENVIRONMENT (HSE)<\/h4>\n<p><a class=\"btn btn--purple btn--border-radius btn-bg btn-bg-left btn-bg--download\" href=\"\/wp-content\/uploads\/2019\/08\/Pol\u00edtica-de-Sa\u00fade-Segura\u00e7a-e-Meio-Ambiente-2019-en-full.pdf\">Download<\/a><\/p>\n<\/div>\n<div class=\"item\">\n<h4>CODE OF CONDUCT<br \/>\nFOR BRF BUSINESS PARTNERS<\/h4>\n<p><a class=\"btn btn--purple btn--border-radius btn-bg btn-bg-left btn-bg--download\" href=\"https:\/\/www.brf-global.com\/wp-content\/uploads\/2020\/10\/code-of-conduct-for-brf-business-partners-2020.pdf\">Download<\/a><\/p>\n<\/div>\n<div class=\"item\">\n<h4>HSE MANUAL FOR THIRD PARTY<br \/>\nSERVICE PROVIDERS<\/h4>\n<p><a class=\"btn btn--purple btn--border-radius btn-bg btn-bg-left btn-bg--download\" href=\"\/wp-content\/uploads\/2018\/08\/manual_ssma_para_terceiros_en.pdf\" target=\"_blank\" rel=\"noopener\">Download<\/a><\/p>\n<\/div>\n<\/div>\n<\/div>\n<h3 style=\"color: #e36e35\">THIRD PARTIES CODE OF CONDUCT<\/h3>\n<p><iframe loading=\"lazy\" width=\"100%\" height=\"440\" src=\"https:\/\/www.youtube.com\/embed\/kqwPleE0KEg\" frameborder=\"0\" allow=\"accelerometer; autoplay; encrypted-media; gyroscope; picture-in-picture\" allowfullscreen><\/iframe><\/p>\n","protected":false},"excerpt":{"rendered":"<p>BRF aligns its strategic objectives to produce long-term value, reducing risks and generating positive impact on the business.<\/p>\n","protected":false},"author":1,"featured_media":0,"parent":26841,"menu_order":0,"comment_status":"closed","ping_status":"closed","template":"template-pages\/template-level-2.php","meta":{"_acf_changed":false,"footnotes":""},"yst_prominent_words":[],"class_list":["post-26844","page","type-page","status-publish","hentry"],"acf":[],"_links":{"self":[{"href":"https:\/\/www.brf-global.com\/en\/wp-json\/wp\/v2\/pages\/26844","targetHints":{"allow":["GET"]}}],"collection":[{"href":"https:\/\/www.brf-global.com\/en\/wp-json\/wp\/v2\/pages"}],"about":[{"href":"https:\/\/www.brf-global.com\/en\/wp-json\/wp\/v2\/types\/page"}],"author":[{"embeddable":true,"href":"https:\/\/www.brf-global.com\/en\/wp-json\/wp\/v2\/users\/1"}],"replies":[{"embeddable":true,"href":"https:\/\/www.brf-global.com\/en\/wp-json\/wp\/v2\/comments?post=26844"}],"version-history":[{"count":29,"href":"https:\/\/www.brf-global.com\/en\/wp-json\/wp\/v2\/pages\/26844\/revisions"}],"predecessor-version":[{"id":27619,"href":"https:\/\/www.brf-global.com\/en\/wp-json\/wp\/v2\/pages\/26844\/revisions\/27619"}],"up":[{"embeddable":true,"href":"https:\/\/www.brf-global.com\/en\/wp-json\/wp\/v2\/pages\/26841"}],"wp:attachment":[{"href":"https:\/\/www.brf-global.com\/en\/wp-json\/wp\/v2\/media?parent=26844"}],"wp:term":[{"taxonomy":"yst_prominent_words","embeddable":true,"href":"https:\/\/www.brf-global.com\/en\/wp-json\/wp\/v2\/yst_prominent_words?post=26844"}],"curies":[{"name":"wp","href":"https:\/\/api.w.org\/{rel}","templated":true}]}}