{"id":27076,"date":"2018-08-08T07:34:36","date_gmt":"2018-08-03T13:43:08","guid":{"rendered":"https:\/\/www.brf-global.com\/?page_id=27076"},"modified":"2024-02-15T11:09:28","modified_gmt":"2024-02-15T14:09:28","slug":"production-chain","status":"publish","type":"page","link":"https:\/\/www.brf-global.com\/en\/sustainability\/animal-welfare\/production-chain\/","title":{"rendered":"Production chain: monitoring, control and management"},"content":{"rendered":"<div class=\"theme-2\">\n<p style=\"text-align: justify;\">BRF works with a <strong>vertical integration system<\/strong>, which consists of a collaboration in which the company provides animals with supplies and technical assistance, and integrated producers provide animal breeding manpower and structure according to the <a href=\"https:\/\/www.brf-global.com\/sustentabilidade\/bem-estar-animal\/nossa-responsabilidade\/\">animal welfare standards<\/a> expected.<\/p>\n<div class=\"w w--image w--prod\"><a href=\"http:\/\/brf-app-portalbrf-qas.azurewebsites.net\/wp-content\/uploads\/2018\/09\/infografico-cadeia-produtiva-1-en.jpg\" data-fancybox=\"\" data-toolbar=\"true\" data-small-btn=\"true\"><br \/><img decoding=\"async\" class=\"aligncenter img-responsive\" src=\"http:\/\/brf-app-portalbrf-qas.azurewebsites.net\/wp-content\/uploads\/2018\/09\/infografico-cadeia-produtiva-1-en.jpg\" \/><\/a>\u00a0<\/p>\n<div class=\"overlay\">\u00a0<\/div>\n<\/div>\n<p style=\"text-align: justify;\">The corporate instructions for breeding and slaughtering animals are the same for owned and third-party units, so the guidelines of the global Animal Welfare Program Made in BRF are used as a standard for the company\u2019s entire production force, which may lead to contract termination in case of failure to meet the standards (Animal Welfare standards).<\/p>\n<p style=\"text-align: justify;\">Atualmente, possu\u00edmos cria\u00e7\u00e3o e abate de su\u00ednos no Brasil e cria\u00e7\u00e3o e abate de aves no Brasil e na Turquia.<br \/>No ano de 2019, lan\u00e7amos a ferramenta de matriz de conformidade em bem-estar animal que foi elaborada com<br \/>base nas legisla\u00e7\u00f5es vigentes, protocolos de bem-estar animal nacionais e internacionais como Welfare<br \/>Quality, Certified Humane e GlobalGAP.<\/p>\n<p style=\"text-align: justify;\">In 2019, we rolled out the animal welfare compliance framework tool based on the current legislation, national and international animal welfare protocols, such as Welfare Quality, Certified Humane and GlobalGAP.<\/p>\n<p style=\"text-align: justify;\">All poultry and pork slaughterhouses in Brazil are monthly self-assessed using the Animal Welfare Compliance Framework tool. In addition, second-party audits are carried out by the corporate team and, in some units, third-party audits are carried out by certifiers and global account clients (e.g.: McDonald\u2019s and KFC\/YUM). To remedy the non-conformities, a joint action plan is established to adjust the requirements, and tracking is done by the animal welfare officers of each plant.<\/p>\n<p style=\"text-align: justify;\">In agriculture, the animal welfare framework is applied to the integration of poultry and turkeys and to in pig breeding chain by the animal welfare officers. On a monthly basis, 5% of integrated producers at units that have up to 100 integrated of them are assessed, 3% of integrated producers at units that 100\u2013500 of them, and 1% of integrated producers at units that have more than 500 of them. The assessments are always applied to different integrated producers so that the maximum number of properties possible are assessed in a year. As in the industry, all non-conformities are addressed and the plan is managed by the animal welfare officers. The findings are presented on a monthly basis to the company\u2019s top management. The compliance framework helps us to act preventively and systemically.<\/p>\n<p style=\"text-align: justify;\">Existe um controle cont\u00ednuo de mortalidade em todas as fases da cadeia produtiva, al\u00e9m de evolu\u00e7\u00e3o no ganho<br \/>de peso dos animais, n\u00famero de animais eliminados, densidade nas granjas (quantidade ou o peso vivo de<br \/>animais por metro quadrado em uma instala\u00e7\u00e3o), ocorr\u00eancia de doen\u00e7as, tempo m\u00e9dio de transporte dos animais,<br \/>densidade e mortalidade de transporte e os processos de insensibiliza\u00e7\u00e3o pr\u00e9-abate, atuando de maneira<br \/>preventiva e com a\u00e7\u00f5es corretivas quando necess\u00e1rio.<\/p>\n<p style=\"text-align: justify;\">BRF has specific indicators that evaluate the performance of poultry farms, transportation and slaughtering procedures, including animal welfare indicators in each of the production stages, which are constantly improving.<\/p>\n<h2>CERTIFICA\u00c7\u00d5ES<\/h2>\n<p style=\"text-align: justify;\">Today, about 55% of the pig slaughtering process is certified by third-party organizations that endorse the work we do in our plants. For chickens, this percentage is 21% of the animals bred, as the certifications for broiler chicken, the breeding stages and transport are also audited. Learn more about these certifications:<\/p>\n<div class=\"w--col-2 theme-6 w--alignTop w--flex-column w--no-padding-b\">\n<div class=\"item\">\n<div class=\"col-1\"><img decoding=\"async\" class=\"img-responsive\" src=\"\/wp-content\/themes\/brf-global\/assets\/images\/BRF_global3_part2_09.jpg\" alt=\"\" \/><\/div>\n<div class=\"col-2\">\n<p style=\"text-align: justify;\"><b>CERTIFIED HUMANE<\/b><br \/>An international certification that considers the quality of life of animals from birth. The requirements are stricter than many world standards and ensure, among other factors, that animals be free to express their natural behavior. In Lucas do Rio Verde (Mato Grosso), 56 poultry farms hold this certification.<\/p>\n<p style=\"text-align: justify;\">This certification gave rise to the Bio Range, of products resulting from breeding with a high level of animal welfare. Learn more about Sadia\u2019s BIO range at: <a href=\"https:\/\/www.sadia.com.br\/bio\/home\/voce-sabe-o-que-e-sadia-bio?gclid=CjwKCAjwnIr1BRAWEiwA6GpwNVUtLn22HmXegI61y2sK4gLpt2EBQM4JKRWYpuKpw3fEtXAq0KWVyBoCimUQAvD_BwE&amp;gclsrc=aw.ds\" target=\"_blank\" rel=\"noopener noreferrer\">https:\/\/www.sadia.com.br\/bio\/home\/voce-sabe-o-que-e-sadia-bio?<\/a><\/p>\n<p style=\"text-align: justify;\">\u00a0<\/p>\n<p style=\"text-align: justify;\"><a class=\"btn btn--blue btn--border-radius\" href=\"http:\/\/certifiedhumanebrasil.org\/\" target=\"_blank\" rel=\"noopener noreferrer\">know more<\/a><\/p>\n<\/div>\n<\/div>\n<\/div>\n<div class=\"w--col-2 theme-6 w--alignTop w--flex-column w--no-padding-b\">\n<div class=\"item\">\n<div class=\"col-1\"><img decoding=\"async\" class=\"img-responsive\" src=\"\/wp-content\/uploads\/2018\/10\/paaco-2.jpg\" alt=\"\" \/><\/div>\n<div class=\"col-2\">\n<p style=\"text-align: justify;\"><b>PAACO<\/b><br \/>The PAACO (Professional Animal Auditor Certification Organization) seal includes standards related to the humane slaughter of poultry, which follows the premises established by the U.S. organization National Chicken Council (NCC), a world reference in the poultry industry. We also have the PAACO seal in the pig chain, ensuring that animals are respected until the end of their lives. On pig slaughter, the N.A.M.I. (North America Meat Institute) requirements are followed. Renowned Dr. Temple Grandin is one of its contributors.<\/p>\n<p style=\"text-align: justify;\">\u00a0<\/p>\n<p style=\"text-align: justify;\"><a class=\"btn btn--blue btn--border-radius\" href=\"https:\/\/animalauditor.org\/\" target=\"_blank\" rel=\"noopener noreferrer\">know more<\/a><\/p>\n<\/div>\n<\/div>\n<\/div>\n<div class=\"w--col-2 theme-6 w--alignTop w--flex-column w--no-padding-b\">\n<div class=\"item\">\n<div class=\"col-1\"><img decoding=\"async\" class=\"img-responsive\" src=\"http:\/\/brf-app-portalbrf-qas.azurewebsites.net\/wp-content\/uploads\/2020\/07\/GLOBALGAP.png\" alt=\"\" \/><\/div>\n<div class=\"col-2\">\n<p style=\"text-align: justify;\"><b>Global GAP IFA <\/b><br \/>Global GAP IFA (Integration Farm Assurance): this private organization establishes voluntary standards for the certification of agricultural products worldwide. It works as a practical manual of Good Agricultural Practices worldwide. In addition to good practices, the basis of the protocol is animal welfare. Its certification starts from the beginning of the broiler chain (egg-laying parent stock, hatchery, finishing and transport). We currently have 69 certified integrated producers in Marau\/RS and Serafina Corr\u00eaa\/RS.<\/p>\n<p style=\"text-align: justify;\">\u00a0<\/p>\n<p style=\"text-align: justify;\"><a class=\"btn btn--blue btn--border-radius\" href=\"https:\/\/www.globalgap.org\/uk_en\/for-producers\/globalg.a.p.\/integrated-farm-assurance-ifa\/\" target=\"_blank\" rel=\"noopener noreferrer\">know more<\/a><\/p>\n<\/div>\n<\/div>\n<\/div>\n<div class=\"w--col-2 theme-6 w--alignTop w--flex-column w--no-padding-b\">\n<div class=\"item\">\n<div class=\"col-1\"><img decoding=\"async\" class=\"img-responsive\" src=\"http:\/\/brf-app-portalbrf-qas.azurewebsites.net\/wp-content\/uploads\/2020\/07\/GLOBALGAP.png\" alt=\"\" \/><\/div>\n<div class=\"col-2\">\n<p style=\"text-align: justify;\"><b>Global GAP CFM <\/b><br \/>Global GAP CFM (Compound Feed Manufacturing): CFM defines control points and compliance criteria for quality assurance in the production, supply and purchase of inputs and feed ingredients for compound feed. It covers all stages of production, from purchase, handling and storage to the processing and distribution of compound foods. The feed plant in Marau\/RS is currently certified on this stringent protocol.<br \/>For further information, please visit :<a href=\"https:\/\/www.globalgap.org\/pt\/\" target=\"_blank\" rel=\"noopener noreferrer\">https:\/\/www.globalgap.org\/pt\/<\/a><\/p>\n<p style=\"text-align: justify;\">\u00a0<\/p>\n<p style=\"text-align: justify;\"><a class=\"btn btn--blue btn--border-radius\" href=\"https:\/\/www.globalgap.org\/pt\/\" target=\"_blank\" rel=\"noopener noreferrer\">know more<\/a><\/p>\n<\/div>\n<\/div>\n<\/div>\n<div class=\"w--col-2 theme-6 w--alignTop w--flex-column w--no-padding-b\">\n<div class=\"item\">\n<div class=\"col-1\"><img decoding=\"async\" class=\"img-responsive\" src=\"http:\/\/brf-app-portalbrf-qas.azurewebsites.net\/wp-content\/uploads\/2020\/07\/ALOFREE-1.png\" alt=\"\" \/><\/div>\n<div class=\"col-2\">\n<p style=\"text-align: justify;\"><b>Alo Free <\/b><br \/>Alo Free (Agricultural Labeling Ordinance): certification required to serve the Swiss market, based on three pillars: animal welfare, traceability and food safety. The animals are tracked from birth to slaughter. Marau\/RS and Serafina Corr\u00eaa\/RS are certified on this protocol.<\/p>\n<p style=\"text-align: justify;\">\u00a0<\/p>\n<p style=\"text-align: justify;\"><a class=\"btn btn--blue btn--border-radius\" href=\"https:\/\/www.blw.admin.ch\/blw\/en\/home\/markt\/einfuhr-von-agrarprodukten\/landwirtschaftliche-deklarationsverordnung.html\" target=\"_blank\" rel=\"noopener noreferrer\">know more<\/a><\/p>\n<\/div>\n<\/div>\n<\/div>\n<\/div>\n","protected":false},"excerpt":{"rendered":"<p>BRF wants to positively transform its entire global chain by acting in an increasingly ethical and responsible way.<\/p>\n","protected":false},"author":1,"featured_media":0,"parent":27061,"menu_order":2,"comment_status":"closed","ping_status":"closed","template":"template-pages\/template-cadeia-produtiva.php","meta":{"_acf_changed":false,"footnotes":""},"yst_prominent_words":[],"class_list":["post-27076","page","type-page","status-publish","hentry"],"acf":[],"_links":{"self":[{"href":"https:\/\/www.brf-global.com\/en\/wp-json\/wp\/v2\/pages\/27076","targetHints":{"allow":["GET"]}}],"collection":[{"href":"https:\/\/www.brf-global.com\/en\/wp-json\/wp\/v2\/pages"}],"about":[{"href":"https:\/\/www.brf-global.com\/en\/wp-json\/wp\/v2\/types\/page"}],"author":[{"embeddable":true,"href":"https:\/\/www.brf-global.com\/en\/wp-json\/wp\/v2\/users\/1"}],"replies":[{"embeddable":true,"href":"https:\/\/www.brf-global.com\/en\/wp-json\/wp\/v2\/comments?post=27076"}],"version-history":[{"count":16,"href":"https:\/\/www.brf-global.com\/en\/wp-json\/wp\/v2\/pages\/27076\/revisions"}],"predecessor-version":[{"id":30832,"href":"https:\/\/www.brf-global.com\/en\/wp-json\/wp\/v2\/pages\/27076\/revisions\/30832"}],"up":[{"embeddable":true,"href":"https:\/\/www.brf-global.com\/en\/wp-json\/wp\/v2\/pages\/27061"}],"wp:attachment":[{"href":"https:\/\/www.brf-global.com\/en\/wp-json\/wp\/v2\/media?parent=27076"}],"wp:term":[{"taxonomy":"yst_prominent_words","embeddable":true,"href":"https:\/\/www.brf-global.com\/en\/wp-json\/wp\/v2\/yst_prominent_words?post=27076"}],"curies":[{"name":"wp","href":"https:\/\/api.w.org\/{rel}","templated":true}]}}