{"id":30742,"date":"2020-05-25T14:00:39","date_gmt":"2020-05-25T17:00:39","guid":{"rendered":"https:\/\/www.brf-global.com\/?page_id=30742"},"modified":"2020-05-27T09:40:34","modified_gmt":"2020-05-27T12:40:34","slug":"genetically-modified-organism","status":"publish","type":"page","link":"https:\/\/www.brf-global.com\/en\/sustainability\/how-we-act\/genetically-modified-organism\/","title":{"rendered":"Genetically modified organism"},"content":{"rendered":"<div class=\"wrapper center-block\">\n<div id=\"accordion\" class=\"panel-group\" role=\"tablist\" aria-multiselectable=\"true\">\n<div class=\"panel panel-default\">\n<div id=\"headingOne\" class=\"panel-heading active\" role=\"tab\">\n<h4 class=\"panel-title\"><a class=\"collapsed\" role=\"button\" href=\"#collapseOne\" data-toggle=\"collapse\" data-parent=\"#accordion\" aria-expanded=\"true\" aria-controls=\"collapseOne\">What are Genetically Modified Organisms (GMO)?<\/a><\/h4>\n<\/div>\n<div id=\"collapseOne\" class=\"panel-collapse collapse\" role=\"tabpanel\" aria-labelledby=\"headingOne\">\n<div class=\"panel-body\">\n<p>A GMO is any organism whose genetic material has been modified using genetic engineering techniques in a way that does not occur naturally by multiplication and\/or by natural recombination.<\/p>\n<\/div>\n<\/div>\n<\/div>\n<div class=\"panel panel-default\">\n<div id=\"headingTwo\" class=\"panel-heading\" role=\"tab\">\n<h4 class=\"panel-title\"><a class=\"collapsed\" role=\"button\" href=\"#collapseTwo\" data-toggle=\"collapse\" data-parent=\"#accordion\" aria-expanded=\"false\" aria-controls=\"collapseTwo\">Does BRF plant GMOs?<\/a><\/h4>\n<\/div>\n<div id=\"collapseTwo\" class=\"panel-collapse collapse\" role=\"tabpanel\" aria-labelledby=\"headingTwo\">\n<div class=\"panel-body\">\n<p>No, BRF does not produce GMOs.<\/p>\n<\/div>\n<\/div>\n<\/div>\n<div class=\"panel panel-default\">\n<div id=\"headingThree\" class=\"panel-heading\" role=\"tab\">\n<h4 class=\"panel-title\"><a class=\"collapsed\" role=\"button\" href=\"#collapseThree\" data-toggle=\"collapse\" data-parent=\"#accordion\" aria-expanded=\"false\" aria-controls=\"collapseThree\">Are GMOs safe? <\/a><\/h4>\n<\/div>\n<div id=\"collapseThree\" class=\"panel-collapse collapse\" role=\"tabpanel\" aria-labelledby=\"headingThree\">\n<div class=\"panel-body\">\n<p>Sim. Ag\u00eancias reguladoras por todo mundo incluindo European Food Safety Authority (EFSA), na Europa, e a Comiss\u00e3o T\u00e9cnica Nacional de Biosseguran\u00e7a (CTNBio), no Brasil, conclu\u00edram em seus estudos que a produ\u00e7\u00e3o de OGMs e seus ingredientes derivados s\u00e3o seguros para o consumo humano.<\/p>\n<\/div>\n<\/div>\n<\/div>\n<div class=\"panel panel-default\">\n<div id=\"headingFour\" class=\"panel-heading\" role=\"tab\">\n<h4 class=\"panel-title\"><a class=\"collapsed\" role=\"button\" href=\"#collapseFour\" data-toggle=\"collapse\" data-parent=\"#accordion\" aria-expanded=\"false\" aria-controls=\"collapseFour\">Does BRF use GMOs in its products?<\/a><\/h4>\n<\/div>\n<div id=\"collapseFour\" class=\"panel-collapse collapse\" role=\"tabpanel\" aria-labelledby=\"headingFour\">\n<div class=\"panel-body\">\n<p>According to the needs of our consumers, we supply products and ingredients with and without the presence of GMOs. As one of the world\u2019s largest food producers, we are committed to offering safe quality products to improve the lives of people around the world.  With a focus on innovation, intended to expand the supply of food to a growing population, we support the use of innovative technologies, as long as they are safe and certified, in our production chain. <\/p>\n<\/div>\n<\/div>\n<\/div>\n<div class=\"panel panel-default\">\n<div id=\"headingFive\" class=\"panel-heading\" role=\"tab\">\n<h4 class=\"panel-title\"><a class=\"collapsed\" role=\"button\" href=\"#collapseFive\" data-toggle=\"collapse\" data-parent=\"#accordion\" aria-expanded=\"false\" aria-controls=\"collapseFive\">Does BRF also have GMO-free products?<\/a><\/h4>\n<\/div>\n<div id=\"collapseFive\" class=\"panel-collapse collapse\" role=\"tabpanel\" aria-labelledby=\"headingFive\">\n<div class=\"panel-body\">\n<p>Focused on the diversity of our consumer portfolio, we have GMO-free products.<\/p>\n<\/div>\n<\/div>\n<\/div>\n<div class=\"panel panel-default\">\n<div id=\"headingSix\" class=\"panel-heading\" role=\"tab\">\n<h4 class=\"panel-title\"><a class=\"collapsed\" role=\"button\" href=\"#collapseSix\" data-toggle=\"collapse\" data-parent=\"#accordion\" aria-expanded=\"false\" aria-controls=\"collapseSix\">Does BRF communicate the use of GMOs in its products?<\/a><\/h4>\n<\/div>\n<div id=\"collapseSix\" class=\"panel-collapse collapse\" role=\"tabpanel\" aria-labelledby=\"headingSix\">\n<div class=\"panel-body\">\n<p>All our products carry the description of GMO-related information and ingredients used in their composition, ensuring transparency with our consumers and compliance with the requirements of Brazil and the countries to which we export our products. It is worth emphasizing our commitment to integrity and transparency.<\/p>\n<\/div>\n<\/div>\n<\/div>\n<\/div>\n<\/div>\n","protected":false},"excerpt":{"rendered":"<p>Understand the stance of BRF about genetically modified organisms.<\/p>\n","protected":false},"author":1,"featured_media":0,"parent":26841,"menu_order":6,"comment_status":"closed","ping_status":"closed","template":"template-pages\/template-level-2-orfa.php","meta":{"_acf_changed":false,"footnotes":""},"yst_prominent_words":[],"class_list":["post-30742","page","type-page","status-publish","hentry"],"acf":[],"_links":{"self":[{"href":"https:\/\/www.brf-global.com\/en\/wp-json\/wp\/v2\/pages\/30742","targetHints":{"allow":["GET"]}}],"collection":[{"href":"https:\/\/www.brf-global.com\/en\/wp-json\/wp\/v2\/pages"}],"about":[{"href":"https:\/\/www.brf-global.com\/en\/wp-json\/wp\/v2\/types\/page"}],"author":[{"embeddable":true,"href":"https:\/\/www.brf-global.com\/en\/wp-json\/wp\/v2\/users\/1"}],"replies":[{"embeddable":true,"href":"https:\/\/www.brf-global.com\/en\/wp-json\/wp\/v2\/comments?post=30742"}],"version-history":[{"count":3,"href":"https:\/\/www.brf-global.com\/en\/wp-json\/wp\/v2\/pages\/30742\/revisions"}],"predecessor-version":[{"id":30772,"href":"https:\/\/www.brf-global.com\/en\/wp-json\/wp\/v2\/pages\/30742\/revisions\/30772"}],"up":[{"embeddable":true,"href":"https:\/\/www.brf-global.com\/en\/wp-json\/wp\/v2\/pages\/26841"}],"wp:attachment":[{"href":"https:\/\/www.brf-global.com\/en\/wp-json\/wp\/v2\/media?parent=30742"}],"wp:term":[{"taxonomy":"yst_prominent_words","embeddable":true,"href":"https:\/\/www.brf-global.com\/en\/wp-json\/wp\/v2\/yst_prominent_words?post=30742"}],"curies":[{"name":"wp","href":"https:\/\/api.w.org\/{rel}","templated":true}]}}