{"id":26952,"date":"2018-08-02T15:22:35","date_gmt":"2018-08-02T18:22:35","guid":{"rendered":"https:\/\/www.brf-global.com\/?page_id=26952"},"modified":"2025-05-26T20:37:41","modified_gmt":"2025-05-26T23:37:41","slug":"informe-anual","status":"publish","type":"page","link":"https:\/\/www.brf-global.com\/es\/sostenibilidad\/como-actuamos\/informe-anual\/","title":{"rendered":"Informe anual 2024"},"content":{"rendered":"<section class=\"section-banner-home \">\r\n    <div class=\"slide-banner-home\">\r\n                            <div class=\"content-banner-home sem-forma \" style=\"background-image: url(https:\/\/www.brf-global.com\/wp-content\/uploads\/2025\/05\/Modelo-Desktop.png); background-size: 50%\">\r\n                        <div class=\"container row\">\r\n                            <div class=\"col-md-7 img_mobile\">\r\n                                <img decoding=\"async\" src=\"https:\/\/www.brf-global.com\/wp-content\/uploads\/2025\/05\/Modelo-mobile.png\" alt=\"\">\r\n                            <\/div>\r\n                            <div class=\"col-md-5 d-flex\">\r\n                                <div class=\"content-text\">\r\n                                    <h2 style=\"font-size: 30px\">Informe anual 2024<\/h2>\n<p style=\"color: #fff\">Check out BRF&#8217;s achievements, its operational evolution in the value chain, the strengthening of its brands, and the advances of the Sustainability Platform.<\/p>\n\r\n                                                                    <\/div>\r\n                            <\/div>\r\n                        <\/div>\r\n                    <\/div>\r\n                                        <\/div>\r\n<\/section>\n\n\r\n<section class=\"section-inovacao \">\r\n    <div class=\"container\">\r\n        <div class=\"row\">\r\n            <div class=\"col-12 px-4 px-xl-0 mt-5 mt-xl-0\">\r\n                <div class=\"content-text\" style=\"max-width: 100%\">\r\n                    <div class=\"row align-items-start mt-5\">\n<div class=\"col-12 col-md-4\">\n<img decoding=\"async\" src=\"https:\/\/www.brf-global.com\/wp-content\/uploads\/2025\/05\/rio.jpg\" style=\"max-width: 100%; vertical-align: top;\" class=\"d-none d-md-block\" \/><br \/>\n<img decoding=\"async\" src=\"https:\/\/www.brf-global.com\/wp-content\/uploads\/2025\/05\/rio-h.jpg\" style=\"max-width: 100%; vertical-align: top;\" class=\"d-block d-md-none mb-5\" \/>\n<\/div>\n<div class=\"col-12 col-md-8\">\n<p>Creemos que un futuro mejor para todos exige cada vez m\u00e1s alimentos de calidad, por eso siempre trabajamos para desarrollar un modelo de negocio cada vez m\u00e1s eficiente, innovador y sustentable. Por eso, nos gu\u00eda el prop\u00f3sito de contribuir a una vida mejor para las personas, ofreci\u00e9ndoles alimentos de calidad, cada vez m\u00e1s sabrosos y pr\u00e1cticos, a personas de todo el mundo, de la granja a la mesa. <\/p>\n<p>Como parte de nuestra gesti\u00f3n transparente y sustentable, presentamos el Informe Integrado BRF 2024 que adopta las metodolog\u00edas de Global Reporting Initiative (GRI) e IFRS Foundation, adem\u00e1s de seguir los indicadores de Sustainability Accounting Standards Board (SASB) y Task Force sobre Divulgaciones Financieras Relacionadas con el Clima (TCFD), y contemplar los Objetivos de Desarrollo Sustentable (ODS) de las Naciones Unidas. El informe est\u00e1 orientado por el proceso de doble materialidad, abordando los riesgos y oportunidades materiales desde una perspectiva financiera e de impacto. Esto incluye cuestiones o informaci\u00f3n relevante ambiental y social que pueden tener consecuencias financieras para las organizaciones, en el presente o en el futuro. <\/p>\n<p>Atrav\u00e9s de estas referencias internacionales, divulgamos todo el contenido de desempe\u00f1o espec\u00edfico asociado a cada aspecto relevante del negocio, adem\u00e1s de demostrar a\u00fan m\u00e1s nuestras pr\u00e1cticas de gesti\u00f3n corporativa. <\/p>\n<p>Tambi\u00e9n presentamos los indicadores del sector de alimentos, nuestras pr\u00e1cticas de asignaci\u00f3n de recursos, nuestro modelo de negocio y nuestra visi\u00f3n del capital (financiero, intelectual, humano, social, natural y manufacturado). Continuamente avanzamos en demostrar c\u00f3mo cada tema socio ambiental se relaciona con los riesgos y oportunidades que mapeamos para el negocio, adem\u00e1s de equilibrarse con los resultados financieros y operativos. Los indicadores presentados muestran el per\u00edodo del 1ero de enero al 31 de diciembre del 2024, tanto para datos financieros como no financieros. <\/p>\n<\/div>\n                <\/div>\r\n            <\/div>\r\n        <\/div>\r\n    <\/div>\r\n<\/section>\n\n\r\n<section class=\"section-inovacao \">\r\n    <div class=\"container\">\r\n        <div class=\"row\">\r\n            <div class=\"col-12 px-4 px-xl-0 mt-5 mt-xl-0\">\r\n                <div class=\"content-text\" style=\"max-width: 100%\">\r\n                    <div>\n<h2>Descargue el Informe Integrado y de Sustentabilidad 2024 de BRF<\/h2>\n<div class=\"w w--prod w--list w--center theme-4 w--1-el\">\n<div class=\"item\">\n<p><img decoding=\"async\" class=\"lg\" src=\"https:\/\/www.brf-global.com\/wp-content\/uploads\/2025\/05\/capa-relatorio-en-2024.png\" alt=\"\"><\/p>\n<p>Integrated Report 2024<\/p>\n<p><a class=\"btn btn--orangelight btn--border-radius btn--text-center btn-bg btn-bg-left btn-bg--download--orange link-relatorio-integrado\" title=\"Relat\u00f3rio Integrado - 2024\" href=\"https:\/\/www.brf-global.com\/en\/\/wp-content\/uploads\/2025\/05\/2024-Integrated-Report.pdf\" target=\"_blank\" rel=\"noopener noreferrer\">vea m\u00e1s<\/a><\/p>\n<\/div>\n<\/div>\n<h2>VEA LOS INFORMES ANUALES DE LOS A\u00d1OS ANTERIORES:<\/h2>\n<div class=\"w w--prod w--list w--center theme-4 w--3-el\">\n<div class=\"item\">\n<p><img decoding=\"async\" class=\"lg\" src=\"https:\/\/www.brf-global.com\/wp-content\/uploads\/2024\/04\/capa-relatorio-2023-en.png\" alt=\"\"><\/p>\n<p>2023<\/p>\n<p><a class=\"btn btn--orangelight btn--border-radius btn--text-center btn-bg btn-bg-left btn-bg--download--orange link-relatorio-integrado\" title=\"Relat\u00f3rio Integrado - 2023\" href=\"https:\/\/www.brf-global.com\/wp-content\/uploads\/2024\/07\/integrated-report-2023.pdf\" target=\"_blank\" rel=\"noopener noreferrer\">vea m\u00e1s<\/a><\/p>\n<\/div>\n<div class=\"item\">\n<p><img decoding=\"async\" class=\"lg\" src=\"https:\/\/www.brf-global.com\/wp-content\/uploads\/2023\/05\/capa-relatorio-2022-en.png\" alt=\"\"><\/p>\n<p>2022<\/p>\n<p><a class=\"btn btn--orangelight btn--border-radius btn--text-center btn-bg btn-bg-left btn-bg--download--orange link-relatorio-integrado\" title=\"Relat\u00f3rio Integrado - 2022\" href=\"https:\/\/www.brf-global.com\/wp-content\/uploads\/2023\/05\/BRF_RI2022_ENG.pdf\" target=\"_blank\" rel=\"noopener noreferrer\">vea m\u00e1s<\/a><\/p>\n<p>&nbsp;<\/p>\n<\/div>\n<div class=\"item\">\n<p><img decoding=\"async\" class=\"lg\" src=\"https:\/\/www.brf-global.com\/wp-content\/uploads\/2022\/04\/capa-relatorio-2021-en.png\" alt=\"\"><\/p>\n<p>2021<\/p>\n<p><a class=\"btn btn--orangelight btn--border-radius btn--text-center btn-bg btn-bg-left btn-bg--download--orange link-relatorio-integrado\" title=\"Relat\u00f3rio Integrado - 2021\" href=\"https:\/\/www.brf-global.com\/wp-content\/themes\/brf-global\/assets\/documents\/relatorio\/BRF_RI2021_EN.pdf\" target=\"_blank\" rel=\"noopener noreferrer\">vea m\u00e1s<\/a><\/p>\n<p>&nbsp;<\/p>\n<\/div>\n<div class=\"item\">\n<p><img decoding=\"async\" class=\"lg\" src=\"https:\/\/www.brf-global.com\/wp-content\/uploads\/2022\/04\/capa-relatorio-2020-en-3.png\" alt=\"\"><\/p>\n<p>2020<\/p>\n<p><a class=\"btn btn--orangelight btn--border-radius btn--text-center btn-bg btn-bg-left btn-bg--download--orange link-relatorio-integrado\" title=\"Relat\u00f3rio Integrado - 2020\" href=\"https:\/\/www.brf-global.com\/wp-content\/uploads\/2023\/05\/2020-Integrated-Report.pdf\" target=\"_blank\" rel=\"noopener noreferrer\">vea m\u00e1s<\/a><\/p>\n<\/div>\n<div class=\"item\">\n<p><img decoding=\"async\" class=\"lg\" src=\"https:\/\/www.brf-global.com\/wp-content\/uploads\/2020\/05\/capa-relatorio-2019-en.jpg\" alt=\"\"><\/p>\n<p>2019<\/p>\n<p><a class=\"btn btn--orangelight btn--border-radius btn--text-center btn-bg btn-bg-left btn-bg--download--orange link-relatorio-integrado\" title=\"Relat\u00f3rio Integrado - 2019\" href=\"https:\/\/www.brf-global.com\/wp-content\/uploads\/2020\/05\/BRF-RI-2019-EN.pdf\" target=\"_blank\" rel=\"noopener noreferrer\">vea m\u00e1s<\/a><\/p>\n<\/div>\n<div class=\"item\">\n<p><img decoding=\"async\" class=\"lg\" src=\"https:\/\/www.brf-global.com\/wp-content\/uploads\/2020\/05\/capa-relatorio-2018-en.jpg\" alt=\"\"><\/p>\n<p>2018<\/p>\n<p><a class=\"btn btn--orangelight btn--border-radius btn--text-center btn-bg btn-bg-left btn-bg--download--orange link-relatorio-integrado\" title=\"Relat\u00f3rio Integrado - 2018\" href=\"https:\/\/www.brf-global.com\/wp-content\/uploads\/2019\/06\/BRF_RAS2018_Navegavel_EN-190531_03.pdf\" target=\"_blank\" rel=\"noopener\">vea m\u00e1s<\/a><\/p>\n<\/div>\n<div class=\"item\">\n<p><img decoding=\"async\" class=\"\" src=\"https:\/\/www.brf-global.com\/wp-content\/themes\/brf-global\/assets\/images\/relatorio-2018-en.jpg\" alt=\"\"><\/p>\n<p>2017<\/p>\n<p><a class=\"btn btn--orangelight btn--border-radius btn--text-center btn-bg btn-bg-left btn-bg--download--orange link-relatorio-integrado\" title=\"Relat\u00f3rio Integrado - 2017\" href=\"\/wp-content\/uploads\/2019\/05\/annual_report_2017.pdf\" target=\"_blank\" rel=\"noopener\">vea m\u00e1s<\/a><\/p>\n<\/div>\n<div class=\"item\">\n<p><img decoding=\"async\" class=\"\" src=\"https:\/\/www.brf-global.com\/wp-content\/uploads\/2019\/05\/relatorio-en.jpg\" alt=\"\"><\/p>\n<p>2016<\/p>\n<p><a class=\"btn btn--orangelight btn--border-radius btn--text-center btn-bg btn-bg-left btn-bg--download--orange link-relatorio-integrado\" title=\"Relat\u00f3rio Integrado - 2016\" href=\"\/wp-content\/uploads\/2018\/08\/BRF_Anual_Report_2016_2017_EN.pdf\" target=\"_blank\" rel=\"noopener\">vea m\u00e1s<\/a><\/p>\n<\/div>\n<div class=\"item\">\n<p><img decoding=\"async\" class=\"\" src=\"https:\/\/www.brf-global.com\/wp-content\/uploads\/2018\/10\/relatorio-9-1-en.png\" alt=\"\"><\/p>\n<p>2015<\/p>\n<p><a class=\"btn btn--orangelight btn--border-radius btn--text-center btn-bg btn-bg-left btn-bg--download--orange link-relatorio-integrado\" title=\"Relat\u00f3rio Integrado - 2015\" href=\"\/wp-content\/uploads\/2018\/08\/Relat\u00f3rio-Anual_EN-2015.pdf\" target=\"_blank\" rel=\"noopener\">vea m\u00e1s<\/a><\/p>\n<\/div>\n<div class=\"item\">\n<p><img decoding=\"async\" class=\"\" src=\"https:\/\/www.brf-global.com\/wp-content\/themes\/brf-global\/assets\/images\/relatorio-8.png\" alt=\"\"><\/p>\n<p>2014<\/p>\n<p><a class=\"btn btn--orangelight btn--border-radius btn--text-center btn-bg btn-bg-left btn-bg--download--orange link-relatorio-integrado\" title=\"Relat\u00f3rio Integrado - 2014\" href=\"\/wp-content\/uploads\/2018\/08\/BRF-Annual-Report-2014.pdf\" target=\"_blank\" rel=\"noopener\">vea m\u00e1s<\/a><\/p>\n<\/div>\n<div class=\"item\">\n<p><img decoding=\"async\" class=\"\" src=\"https:\/\/www.brf-global.com\/wp-content\/uploads\/2018\/10\/relatorio-7-1-en.png\" alt=\"\"><\/p>\n<p>2013<\/p>\n<p><a class=\"btn btn--orangelight btn--border-radius btn--text-center btn-bg btn-bg-left btn-bg--download--orange link-relatorio-integrado\" title=\"Relat\u00f3rio Integrado - 2013\" href=\"\/wp-content\/uploads\/2018\/08\/BRF_RA_EN_140228c-1_2013.pdf\" target=\"_blank\" rel=\"noopener\">vea m\u00e1s<\/a><\/p>\n<\/div>\n<div class=\"item\">\n<p><img decoding=\"async\" class=\"\" src=\"https:\/\/www.brf-global.com\/wp-content\/uploads\/2018\/10\/relatorio-6-1-en.png\" alt=\"\"><\/p>\n<p>2012<\/p>\n<p><a class=\"btn btn--orangelight btn--border-radius btn--text-center btn-bg btn-bg-left btn-bg--download--orange link-relatorio-integrado\" title=\"Relat\u00f3rio Integrado - 2012\" href=\"\/wp-content\/uploads\/2018\/08\/BRF-RA-Completo-EN-130621_2012.pdf\" target=\"_blank\" rel=\"noopener\">vea m\u00e1s<\/a><\/p>\n<\/div>\n<div class=\"item\">\n<p><img decoding=\"async\" class=\"\" src=\"https:\/\/www.brf-global.com\/wp-content\/uploads\/2018\/10\/relatorio-5-en.png\" alt=\"\"><\/p>\n<p>2011<\/p>\n<p><a class=\"btn btn--orangelight btn--border-radius btn--text-center btn-bg btn-bg-left btn-bg--download--orange link-relatorio-integrado\" title=\"Relat\u00f3rio Integrado - 2011\" href=\"\/wp-content\/uploads\/2018\/08\/BRF_RA_Completo_20120712_en_2011.pdf\" target=\"_blank\" rel=\"noopener\">vea m\u00e1s<\/a><\/p>\n<\/div>\n<div class=\"item\">\n<p><img decoding=\"async\" class=\"\" src=\"https:\/\/www.brf-global.com\/wp-content\/uploads\/2018\/10\/relatorio-4-en.png\" alt=\"\"><\/p>\n<p>2010<\/p>\n<p><a class=\"btn btn--orangelight btn--border-radius btn--text-center btn-bg btn-bg-left btn-bg--download--orange link-relatorio-integrado\" title=\"Relat\u00f3rio Integrado - 2010\" href=\"\/wp-content\/uploads\/2018\/08\/BRF_Annual_Report_2010.pdf\" target=\"_blank\" rel=\"noopener\">vea m\u00e1s<\/a><\/p>\n<\/div>\n<div class=\"item\">\n<p><img decoding=\"async\" class=\"\" src=\"https:\/\/www.brf-global.com\/wp-content\/uploads\/2018\/10\/relatorio-2-en-2.png&quot;\" alt=\"\"><\/p>\n<p>2009<\/p>\n<p><a class=\"btn btn--orangelight btn--border-radius btn--text-center btn-bg btn-bg-left btn-bg--download--orange link-relatorio-integrado\" title=\"Relat\u00f3rio Integrado - 2009\" href=\"\/wp-content\/uploads\/2018\/08\/Annual_Report_2009.pdf\" target=\"_blank\" rel=\"noopener\">vea m\u00e1s<\/a><\/p>\n<\/div>\n<div class=\"item\">\n<p><img decoding=\"async\" class=\"\" src=\"https:\/\/www.brf-global.com\/wp-content\/uploads\/2018\/10\/relatorio-1-3en.png\" alt=\"\"><\/p>\n<p>2008<\/p>\n<p><a class=\"btn btn--orangelight btn--border-radius btn--text-center btn-bg btn-bg-left btn-bg--download--orange link-relatorio-integrado\" title=\"Relat\u00f3rio Integrado - 2008\" href=\"\/wp-content\/uploads\/2018\/08\/BRF_Annual_Report_2008-1.pdf\" target=\"_blank\" rel=\"noopener\">vea m\u00e1s<\/a><\/p>\n<\/div>\n<\/div>\n<\/div>\n                <\/div>\r\n            <\/div>\r\n        <\/div>\r\n    <\/div>\r\n<\/section>","protected":false},"excerpt":{"rendered":"<p>Construyendo una manera innovadora de mirar el negocio y su contribuci\u00f3n a la sociedad.<\/p>\n","protected":false},"author":1,"featured_media":0,"parent":26899,"menu_order":5,"comment_status":"closed","ping_status":"closed","template":"template-pages\/template-moderno.php","meta":{"_acf_changed":false,"footnotes":""},"yst_prominent_words":[],"class_list":["post-26952","page","type-page","status-publish","hentry"],"acf":[],"_links":{"self":[{"href":"https:\/\/www.brf-global.com\/es\/wp-json\/wp\/v2\/pages\/26952","targetHints":{"allow":["GET"]}}],"collection":[{"href":"https:\/\/www.brf-global.com\/es\/wp-json\/wp\/v2\/pages"}],"about":[{"href":"https:\/\/www.brf-global.com\/es\/wp-json\/wp\/v2\/types\/page"}],"author":[{"embeddable":true,"href":"https:\/\/www.brf-global.com\/es\/wp-json\/wp\/v2\/users\/1"}],"replies":[{"embeddable":true,"href":"https:\/\/www.brf-global.com\/es\/wp-json\/wp\/v2\/comments?post=26952"}],"version-history":[{"count":26,"href":"https:\/\/www.brf-global.com\/es\/wp-json\/wp\/v2\/pages\/26952\/revisions"}],"predecessor-version":[{"id":37840,"href":"https:\/\/www.brf-global.com\/es\/wp-json\/wp\/v2\/pages\/26952\/revisions\/37840"}],"up":[{"embeddable":true,"href":"https:\/\/www.brf-global.com\/es\/wp-json\/wp\/v2\/pages\/26899"}],"wp:attachment":[{"href":"https:\/\/www.brf-global.com\/es\/wp-json\/wp\/v2\/media?parent=26952"}],"wp:term":[{"taxonomy":"yst_prominent_words","embeddable":true,"href":"https:\/\/www.brf-global.com\/es\/wp-json\/wp\/v2\/yst_prominent_words?post=26952"}],"curies":[{"name":"wp","href":"https:\/\/api.w.org\/{rel}","templated":true}]}}