{"id":27003,"date":"2018-08-02T16:52:00","date_gmt":"2018-08-02T19:52:00","guid":{"rendered":"https:\/\/www.brf-global.com\/?page_id=27003"},"modified":"2025-03-11T14:13:37","modified_gmt":"2025-03-11T17:13:37","slug":"gestion-y-programa-sst","status":"publish","type":"page","link":"https:\/\/www.brf-global.com\/es\/sostenibilidad\/practicas-laborales\/gestion-y-programa-sst\/","title":{"rendered":"Gesti\u00f3n y Programa SST"},"content":{"rendered":"<div class=\"theme-1\">\n<h2>PROGRAMA DE SALUD Y SEGURIDAD EN EL TRABAJO (SST)<\/h2>\n<p>Desde 2006, BRF invierte en aspectos de salud y seguridad por medio de su <strong>Salud y Seguridad en el Trabajo (SST)<\/strong>. Su gesti\u00f3n desarrolla y ejecuta acciones que viabilizan el comportamiento seguro y la valorizaci\u00f3n de la vida en nuestras operaciones.<\/p>\n<div class=\"w w--image w--prod\"><img decoding=\"async\" class=\"img-responsive\" src=\"\/wp-content\/themes\/brf-global\/assets\/images\/foto-ssma.jpg\" alt=\"\" \/><\/div>\n<p>Algunos de nuestros colaboradores son expuestos a riesgos propios de las operaciones fabril y agropecuaria, \u00e1reas de mayor atenci\u00f3n. Por eso, realizamos el monitoreo y el an\u00e1lisis continuo de esas situaciones, intensificando controles operacionales y administrativos para eliminar o minimizar tales factores. El mapeo abarca:<\/p>\n<p>\u2022 Condiciones de trabajo;<br \/>\n\u2022 Riesgos presentes en el d\u00eda a d\u00eda de la actividad;<br \/>\n\u2022 Acompa\u00f1amiento de la salud de los colaboradores;<br \/>\n\u2022 An\u00e1lisis de indicadores de accidentes, absentismo, enfermedades ocupacionales, entre otros.<\/p>\n<p>Adem\u00e1s, programas como <b>Control M\u00e9dico de Salud Ocupacional, Protecci\u00f3n Respiratoria, Conservaci\u00f3n Auditiva y Prevenci\u00f3n de Riesgos Ambientales<\/b> son adoptados para garantizar la integridad y el bienestar de los funcionarios y de las comunidades, en un proceso consolidado en Brasil e implementado en 2015 en las f\u00e1bricas de Abu Dhabi (Emiratos \u00c1rabes) y Argentina.Ya en las unidades fabriles de Tailandia, implementamos mejoras graduales en el modelo de operaci\u00f3n, con el desaf\u00edo de consolidar las pr\u00e1cticas de SST en la regi\u00f3n.<\/p>\n<p>El programa se fundamenta en tres pilares: M\u00e9todo, Comportamiento y Cultura, e Instalaciones. Sobre la base de estos pilares, las principales pr\u00e1cticas atribuidas, son:<\/p>\n<p>\u2022 Compromiso formal del liderazgo;<br \/>\n\u2022 Atribuciones y responsabilidades definidas con claridad;<br \/>\n\u2022 Comit\u00e9s formalmente establecidos;<br \/>\n\u2022 Grupos de trabajo para profundizaci\u00f3n y necesidades espec\u00edficas;<br \/>\n\u2022 Normas y procedimientos establecidos;<br \/>\n\u2022 Funcionarios capacitados y capacitados para el desempe\u00f1o de sus actividades;<br \/>\n\u2022 Di\u00e1logos de salud y seguridad, y herramientas de comportamiento realizadas por el liderazgo;<br \/>\n\u2022 Investigaci\u00f3n de accidentes y desviaciones cr\u00edticas;<br \/>\n\u2022 An\u00e1lisis de riesgos y plan de atenci\u00f3n a emergencias, entre otras herramientas.<\/p>\n<p>Adem\u00e1s, uno de los principales avances en la implementaci\u00f3n de la gesti\u00f3n de SST, fue el desarrollo de los Grupos de Transformaci\u00f3n (GT) en los niveles corporativos y locales. El objetivo es reducir las p\u00e9rdidas y promover la mejora continua, a trav\u00e9s de an\u00e1lisis conducidos por los coordinadores que realizan la gesti\u00f3n de esos grupos, y especialistas en los temas relacionados.<\/p>\n<p>En el <a href=\"https:\/\/www.brf-global.com\/es\/sostenibilidad\/como-actuamos\/informe-anual\/\" target=\"_blank\" rel=\"noopener\">Informe Anual y de Sostenibilidad de BRF<\/a>, ver algunas de las acciones destacadas del Proyecto de SST.<\/p>\n<h2>DESCARGUE NUESTROS PRINCIPALES DOCUMENTOS DE SST:<\/h2>\n<div class=\"w w--prod w--list w--center theme-4 w--3-el\">\n<div class=\"item\">\n<p><img decoding=\"async\" class=\"lg img-resonsive\" src=\"\/wp-content\/themes\/brf-global\/assets\/images\/manual-terceiros.png\" alt=\"\" \/><\/p>\n<p>POL\u00cdTICA DE SALUD, <br class=\"desk\" \/>SEGURIDAD Y <br class=\"desk\" \/>MEDIO AMBIENTE (SSMA)<\/p>\n<p><a class=\"btn btn--purple btn--border-radius btn--text-center btn-bg btn-bg-left btn-bg--download\" href=\"\/wp-content\/uploads\/2018\/08\/Pol\u00edtica-de-Sa\u00fade-Seguranca-e-Meio-Ambiente-EN.pdf\" target=\"_blank\" rel=\"noopener\">download<\/a><\/p>\n<\/div>\n<div class=\"item\">\n<p><img decoding=\"async\" class=\"lg img-responsive\" src=\"https:\/\/www.brf-global.com\/wp-content\/uploads\/2018\/09\/hse-manual-for-third-parties.png\" alt=\"\" \/><\/p>\n<p>MANUAL DE SST <br class=\"desk\" \/>PARA TERCEROS \u2013 <br class=\"desk\" \/>PRESTADORES DE SERVICIOS<\/p>\n<p><a class=\"btn btn--purple btn--border-radius btn--text-center btn-bg btn-bg-left btn-bg--download\" href=\"\/wp-content\/uploads\/2018\/08\/manual_ssma_para_terceiros_en.pdf\" target=\"_blank\" rel=\"noopener\">download<\/a><\/p>\n<\/div>\n<\/div>\n<\/div>\n","protected":false},"excerpt":{"rendered":"<p>La BRF invierte en temas de salud y seguridad a trav\u00e9s de su Sistema de Gesti\u00f3n de SST.<\/p>\n","protected":false},"author":1,"featured_media":0,"parent":26988,"menu_order":0,"comment_status":"closed","ping_status":"closed","template":"template-pages\/template-level-2.php","meta":{"_acf_changed":false,"footnotes":""},"yst_prominent_words":[],"class_list":["post-27003","page","type-page","status-publish","hentry"],"acf":[],"_links":{"self":[{"href":"https:\/\/www.brf-global.com\/es\/wp-json\/wp\/v2\/pages\/27003","targetHints":{"allow":["GET"]}}],"collection":[{"href":"https:\/\/www.brf-global.com\/es\/wp-json\/wp\/v2\/pages"}],"about":[{"href":"https:\/\/www.brf-global.com\/es\/wp-json\/wp\/v2\/types\/page"}],"author":[{"embeddable":true,"href":"https:\/\/www.brf-global.com\/es\/wp-json\/wp\/v2\/users\/1"}],"replies":[{"embeddable":true,"href":"https:\/\/www.brf-global.com\/es\/wp-json\/wp\/v2\/comments?post=27003"}],"version-history":[{"count":7,"href":"https:\/\/www.brf-global.com\/es\/wp-json\/wp\/v2\/pages\/27003\/revisions"}],"predecessor-version":[{"id":37465,"href":"https:\/\/www.brf-global.com\/es\/wp-json\/wp\/v2\/pages\/27003\/revisions\/37465"}],"up":[{"embeddable":true,"href":"https:\/\/www.brf-global.com\/es\/wp-json\/wp\/v2\/pages\/26988"}],"wp:attachment":[{"href":"https:\/\/www.brf-global.com\/es\/wp-json\/wp\/v2\/media?parent=27003"}],"wp:term":[{"taxonomy":"yst_prominent_words","embeddable":true,"href":"https:\/\/www.brf-global.com\/es\/wp-json\/wp\/v2\/yst_prominent_words?post=27003"}],"curies":[{"name":"wp","href":"https:\/\/api.w.org\/{rel}","templated":true}]}}