{"id":27009,"date":"2018-08-02T16:58:11","date_gmt":"2018-08-02T19:58:11","guid":{"rendered":"https:\/\/www.brf-global.com\/?page_id=27009"},"modified":"2025-03-11T14:03:55","modified_gmt":"2025-03-11T17:03:55","slug":"salud-y-seguridad-en-el-trabajo","status":"publish","type":"page","link":"https:\/\/www.brf-global.com\/es\/sostenibilidad\/practicas-laborales\/salud-y-seguridad-en-el-trabajo\/","title":{"rendered":"Salud y Seguridad en el Trabajo"},"content":{"rendered":"<div class=\"theme-1\">\nEl bienestar y la protecci\u00f3n de la integridad de los colaboradores est\u00e1n entre las prioridades globales de la compa\u00f1\u00eda. Por eso, BRF posee una gesti\u00f3n seria y competente en relaci\u00f3n a la salud y seguridad del trabajador, con directrices establecidas y divulgadas a trav\u00e9s del <a href=\"https:\/\/www.brf-global.com\/es\/sostenibilidad\/practicas-laborales\/gestion-y-programa-sst\/\" target=\"_blank\" rel=\"noopener\">Sistema de Gesti\u00f3n de SST<\/a>, que prioriza la eliminaci\u00f3n de accidentes, de enfermedades relacionadas al ambiente de trabajo y de muertes.<\/p>\n<div class=\"w w--image w--prod\"><img decoding=\"async\" class=\"img-responsive\" src=\"\/wp-content\/themes\/brf-global\/assets\/images\/saude-seguranca-trabalho.jpg\" alt=\"\" \/><\/div>\n<p>Entre los principales impactos relacionados con la salud y la seguridad, se encuentran:<\/p>\n<p>\u2022 Gastos m\u00e9dicos;<br \/>\n\u2022 Indemnizaciones;<br \/>\n\u2022 Tasas de administraci\u00f3n de reclamaciones;<br \/>\n\u2022 Costos indirectos provenientes de gastos con equipos y con bienes da\u00f1ados;<br \/>\n\u2022 P\u00e9rdidas de producci\u00f3n y de calidad;<br \/>\n\u2022 Interrupci\u00f3n de procesos;<br \/>\n\u2022 P\u00e9rdidas de ingresos;<br \/>\n\u2022 Sustituci\u00f3n de mano de obra;<br \/>\n\u2022 Horas extras;<br \/>\n\u2022 Litigios;<br \/>\n\u2022 Da\u00f1os a la relaci\u00f3n con el cliente y la imagen p\u00fablica;<br \/>\n\u2022 P\u00e9rdida efectiva de vidas y\/o da\u00f1os a la salud de un colaborador.<\/p>\n<p>En el pilar de salud tenemos una estrategia orientada al seguimiento ya la prevenci\u00f3n, a trav\u00e9s de los Centros de Salud BRF. Entre los programas aplicados, est\u00e1n los de salud de la gestante y reci\u00e9n nacidos, campa\u00f1as de vacunaci\u00f3n, cambios de h\u00e1bitos de vida y otras acciones locales espec\u00edficas de cada poblaci\u00f3n.<\/p>\n<p>Nuestras unidades tambi\u00e9n cuentan con comit\u00e9s internos de prevenci\u00f3n de accidentes y promoci\u00f3n de mejoras en la gesti\u00f3n de SST, incluso en los casos en que no hay obligatoriedad legal, siendo que el modelo de gobernanza de SST representa el 100% del cuadro de funcionarios de la organizaci\u00f3n.<\/p>\n<\/div>\n","protected":false},"excerpt":{"rendered":"<p>El bienestar y la protecci\u00f3n de la integridad de los empleados est\u00e1n entre las prioridades globales de la compa\u00f1\u00eda.<\/p>\n","protected":false},"author":1,"featured_media":0,"parent":26988,"menu_order":1,"comment_status":"closed","ping_status":"closed","template":"template-pages\/template-level-2.php","meta":{"_acf_changed":false,"footnotes":""},"yst_prominent_words":[],"class_list":["post-27009","page","type-page","status-publish","hentry"],"acf":[],"_links":{"self":[{"href":"https:\/\/www.brf-global.com\/es\/wp-json\/wp\/v2\/pages\/27009","targetHints":{"allow":["GET"]}}],"collection":[{"href":"https:\/\/www.brf-global.com\/es\/wp-json\/wp\/v2\/pages"}],"about":[{"href":"https:\/\/www.brf-global.com\/es\/wp-json\/wp\/v2\/types\/page"}],"author":[{"embeddable":true,"href":"https:\/\/www.brf-global.com\/es\/wp-json\/wp\/v2\/users\/1"}],"replies":[{"embeddable":true,"href":"https:\/\/www.brf-global.com\/es\/wp-json\/wp\/v2\/comments?post=27009"}],"version-history":[{"count":3,"href":"https:\/\/www.brf-global.com\/es\/wp-json\/wp\/v2\/pages\/27009\/revisions"}],"predecessor-version":[{"id":37459,"href":"https:\/\/www.brf-global.com\/es\/wp-json\/wp\/v2\/pages\/27009\/revisions\/37459"}],"up":[{"embeddable":true,"href":"https:\/\/www.brf-global.com\/es\/wp-json\/wp\/v2\/pages\/26988"}],"wp:attachment":[{"href":"https:\/\/www.brf-global.com\/es\/wp-json\/wp\/v2\/media?parent=27009"}],"wp:term":[{"taxonomy":"yst_prominent_words","embeddable":true,"href":"https:\/\/www.brf-global.com\/es\/wp-json\/wp\/v2\/yst_prominent_words?post=27009"}],"curies":[{"name":"wp","href":"https:\/\/api.w.org\/{rel}","templated":true}]}}