{"id":27118,"date":"2018-08-03T12:09:04","date_gmt":"2018-08-03T15:09:04","guid":{"rendered":"https:\/\/www.brf-global.com\/?page_id=27118"},"modified":"2018-08-10T12:54:15","modified_gmt":"2018-08-10T15:54:15","slug":"instituto-brf","status":"publish","type":"page","link":"https:\/\/www.brf-global.com\/es\/sostenibilidad\/comunidad\/instituto-brf\/","title":{"rendered":"Instituto BRF"},"content":{"rendered":"<div class=\"theme-1\">\n<p>Creemos en la corresponsabilidad, transparencia, confianza y sostenibilidad como pilares conductores de nuestros programas. Por eso, uno de nuestros principales objetivos es ser pieza fundamental para promover el desarrollo local a trav\u00e9s de acciones de voluntariado enfocadas en innovaci\u00f3n social, calidad de vida y bienestar.<\/p>\n<p>A lo largo de los a\u00f1os hemos mejorado nuestra actuaci\u00f3n consciente de nuestro papel en la sociedad y con la preocupaci\u00f3n de promover impactos relevantes. Siempre trabajamos de forma cooperativa con comunidades y organizaciones locales.<\/p>\n<p>De esta forma, son ellos, colaboradores y comunidades, los protagonistas de su desarrollo y bienestar, siempre en una actuaci\u00f3n conjunta y transparente entre empresa y sociedad.<\/p>\n<p><!--\n\n\n<div class=\"w w--video w--prod\">\n<script src=\"https:\/\/fast.wistia.com\/embed\/medias\/8mvnz4l2qs.jsonp\" async><\/script><script src=\"https:\/\/fast.wistia.com\/assets\/external\/E-v1.js\" async><\/script>\n\n\n<div class=\"wistia_responsive_padding\" style=\"padding: 56.25% 0 0 0; position: relative;\">\n\n\n<div class=\"wistia_responsive_wrapper\" style=\"height: 100%; left: 0; position: absolute; top: 0; width: 100%;\"><span class=\"wistia_embed wistia_async_8mvnz4l2qs popover=true popoverAnimateThumbnail=true videoFoam=true\" style=\"display: inline-block; height: 100%; width: 100%;\">\u00a0<\/span><\/div>\n\n\n<\/div>\n\n\n<\/div>\n\n\n--><\/p>\n<h2>NUESTROS OBJETIVOS<\/h2>\n<p>En los \u00faltimos cinco a\u00f1os de actuaci\u00f3n, los objetivos del Instituto BRF han ido madurando de acuerdo con las acciones que promovemos, las redes que formamos, las personas y organizaciones con quienes intercambiamos experiencias, las preocupaciones con las grandes agendas globales y el papel y la responsabilidad compa\u00f1\u00eda con la sociedad.<\/p>\n<p>De esta forma, en 2016, con el lanzamiento de los 17 Objetivos del Desarrollo Sostenible (ODS) por la ONU, la actuaci\u00f3n del Instituto BRF se torn\u00f3 a\u00fan m\u00e1s contundente, yendo m\u00e1s all\u00e1 de proyectos puntuales y buscando pautarse en la Agenda 2030, que pretende garantizar el futuro econ\u00f3mico, social, pol\u00edtico y ambiental de las pr\u00f3ximas generaciones.<\/p>\n<p><img decoding=\"async\" src=\"\/wp-content\/uploads\/2018\/08\/ODSespanol.png\" alt=\"\" width=\"100%\" class=\"alignnone size-full\"\/><\/p>\n<p>Es as\u00ed que el trabajo del Instituto BRF se vuelve a\u00fan m\u00e1s relevante y coherente con las cuestiones que est\u00e1n alcanzando la humanidad, siendo capaz tambi\u00e9n de generar impactos a gran escala.<\/p>\n<h2>NUESTRA HISTORIA<\/h2>\n<p>De las actuaciones en peque\u00f1as comunidades a las responsabilidades con compromisos mundiales. \u00a1Compruebe de d\u00f3nde venimos y hacia d\u00f3nde queremos ir!<\/p>\n<div>\n<div class=\"brf-timeline\"><div class=\"brf-timeline__tabs\"><a href=\"#group-2012\" data-id=\"group-2012\" class=\"brf-timeline__tab-link brf-timeline__tab-link--active\">2012<\/a><a href=\"#group-2013\" data-id=\"group-2013\" class=\"brf-timeline__tab-link \">2013<\/a><a href=\"#group-2014\" data-id=\"group-2014\" class=\"brf-timeline__tab-link \">2014<\/a><a href=\"#group-2015\" data-id=\"group-2015\" class=\"brf-timeline__tab-link \">2015<\/a><a href=\"#group-2016\" data-id=\"group-2016\" class=\"brf-timeline__tab-link \">2016<\/a><a href=\"#group-2017\" data-id=\"group-2017\" class=\"brf-timeline__tab-link \">2017<\/a><\/div><div class='brf-timeline__panels'><div id='group-2012' class='brf-timeline__panels-group brf-timeline__panels-group--active' data-qtt=''><div class=\"brf-timeline__panel\"><div class=\"brf-timeline__item\"><button class=\"slick-prev slick-arrow\" aria-label=\"Previous\" type=\"button\" aria-disabled=\"false\" style=\"display: none;\">Previous<\/button><div class=\"brf-timeline__image-container \"><img decoding=\"async\" src=\"https:\/\/www.brf-global.com\/wp-content\/uploads\/2018\/04\/o-instituto-1.jpg\" class=\"brf-timeline__image\" alt=\"NACE EL IBRF\"><\/div><div class=\"brf-timeline__panel-content\"><h2 class=\"brf-timeline__panel-title\">NACE EL IBRF<\/h2><div class=\"brf-timeline__panel-text\"><p>El IBRF se consolida a partir de la fusi\u00f3n de los Institutos Sadia y Perdig\u00e3o y con dos frentes de actuaci\u00f3n: responsabilidad corporativa e inversi\u00f3n social. Es en ese mismo a\u00f1o que el Programa Voluntarios BRF, creado en 2011, pasa a ser uno de los principales proyectos.<\/p>\n<\/div><\/div><button class=\"slick-next slick-arrow\" aria-label=\"Next\" type=\"button\" style=\"display: none;\" aria-disabled=\"false\">Next<\/button><\/div><\/div><\/div> <!-- group --><div id='group-2013' class='brf-timeline__panels-group ' data-qtt=''><div class=\"brf-timeline__panel\"><div class=\"brf-timeline__item\"><button class=\"slick-prev slick-arrow\" aria-label=\"Previous\" type=\"button\" aria-disabled=\"false\" style=\"display: none;\">Previous<\/button><div class=\"brf-timeline__image-container \"><img decoding=\"async\" src=\"https:\/\/www.brf-global.com\/wp-content\/uploads\/2018\/04\/o-instituto-1.jpg\" class=\"brf-timeline__image\" alt=\"COMIT\u00c9S DE INVERSI\u00d3N SOCIAL\"><\/div><div class=\"brf-timeline__panel-content\"><h2 class=\"brf-timeline__panel-title\">COMIT\u00c9S DE INVERSI\u00d3N SOCIAL<\/h2><div class=\"brf-timeline__panel-text\"><p>En ese a\u00f1o, los Comit\u00e9s de Inversi\u00f3n Social ya estaban presentes en 39 unidades productivas, sedes administrativas, filiales y centros de distribuci\u00f3n de BRF, movilizando a cerca de 400 colaboradores por el pa\u00eds.<br \/>\n<strong>Principales programas:<\/strong><br \/>\n&#8211; Comunidad activa<br \/>\n&#8211; Programa Inspira<br \/>\n&#8211; ReciclA\u00e7\u00e3o<br \/>\n&#8211; Estaci\u00f3n digital<\/p>\n<\/div><\/div><button class=\"slick-next slick-arrow\" aria-label=\"Next\" type=\"button\" style=\"display: none;\" aria-disabled=\"false\">Next<\/button><\/div><\/div><\/div> <!-- group --><div id='group-2014' class='brf-timeline__panels-group ' data-qtt=''><div class=\"brf-timeline__panel\"><div class=\"brf-timeline__item\"><button class=\"slick-prev slick-arrow\" aria-label=\"Previous\" type=\"button\" aria-disabled=\"false\" style=\"display: none;\">Previous<\/button><div class=\"brf-timeline__image-container \"><img decoding=\"async\" src=\"https:\/\/www.brf-global.com\/wp-content\/uploads\/2018\/04\/o-instituto-1.jpg\" class=\"brf-timeline__image\" alt=\"CRECIMIENTO\"><\/div><div class=\"brf-timeline__panel-content\"><h2 class=\"brf-timeline__panel-title\">CRECIMIENTO<\/h2><div class=\"brf-timeline__panel-text\"><p>Ampliamos nuestra actuaci\u00f3n para 53 municipios, beneficiando a cerca de 88 mil personas. En este a\u00f1o tambi\u00e9n fortalecemos nuestra actuaci\u00f3n en proyectos colectivos realizados en asociaci\u00f3n con la comunidad y los tres sectores de la sociedad: en total total 39 proyectos alineados a las necesidades locales.<\/p>\n<\/div><\/div><button class=\"slick-next slick-arrow\" aria-label=\"Next\" type=\"button\" style=\"display: none;\" aria-disabled=\"false\">Next<\/button><\/div><\/div><\/div> <!-- group --><div id='group-2015' class='brf-timeline__panels-group ' data-qtt=''><div class=\"brf-timeline__panel\"><div class=\"brf-timeline__item\"><button class=\"slick-prev slick-arrow\" aria-label=\"Previous\" type=\"button\" aria-disabled=\"false\" style=\"display: none;\">Previous<\/button><div class=\"brf-timeline__image-container \"><img decoding=\"async\" src=\"https:\/\/www.brf-global.com\/wp-content\/uploads\/2018\/04\/o-instituto-1.jpg\" class=\"brf-timeline__image\" alt=\"DE BRASIL HACIA EL MUNDO\"><\/div><div class=\"brf-timeline__panel-content\"><h2 class=\"brf-timeline__panel-title\">DE BRASIL HACIA EL MUNDO<\/h2><div class=\"brf-timeline__panel-text\"><p>Es en ese a\u00f1o que el Programa de Voluntarios BRF se expande. Por primera vez, algunas unidades de BRF de fuera de Brasil realizaron iniciativas, bajo la orientaci\u00f3n del IBRF. Singapur fue una de ellas, con 38 funcionarios movilizados. Argentina y Abu Dhabi tambi\u00e9n tuvieron su primera participaci\u00f3n en ese a\u00f1o. En Brasil, el IBRF moviliz\u00f3 junto con BRF la mayor campa\u00f1a de matchfunding de su historia para apoyar a las personas afectadas por la cat\u00e1strofe que alcanz\u00f3 el Oeste de Santa Catarina en el primer semestre del a\u00f1o.<\/p>\n<\/div><\/div><button class=\"slick-next slick-arrow\" aria-label=\"Next\" type=\"button\" style=\"display: none;\" aria-disabled=\"false\">Next<\/button><\/div><\/div><\/div> <!-- group --><div id='group-2016' class='brf-timeline__panels-group ' data-qtt=''><div class=\"brf-timeline__panel\"><div class=\"brf-timeline__item\"><button class=\"slick-prev slick-arrow\" aria-label=\"Previous\" type=\"button\" aria-disabled=\"false\" style=\"display: none;\">Previous<\/button><div class=\"brf-timeline__image-container \"><img decoding=\"async\" src=\"https:\/\/www.brf-global.com\/wp-content\/uploads\/2018\/04\/o-instituto-1.jpg\" class=\"brf-timeline__image\" alt=\"CELEBRAR HACIENDO EL BIEN\"><\/div><div class=\"brf-timeline__panel-content\"><h2 class=\"brf-timeline__panel-title\">CELEBRAR HACIENDO EL BIEN<\/h2><div class=\"brf-timeline__panel-text\"><p>En ese a\u00f1o el IBRF organiz\u00f3 la mayor acci\u00f3n voluntaria ya realizada de una sola vez en la Compa\u00f1\u00eda para conmemorar el Aniversario de BRF. Con la campa\u00f1a \u00abCelebrar haciendo el bien\u00bb, los 82 a\u00f1os de BRF fueron conmemorados con 105 acciones sociales realizadas en 60 municipios y 9 pa\u00edses, implicando a m\u00e1s de 1.700 voluntarios y beneficiando a cerca de 80 mil personas.<\/p>\n<\/div><\/div><button class=\"slick-next slick-arrow\" aria-label=\"Next\" type=\"button\" style=\"display: none;\" aria-disabled=\"false\">Next<\/button><\/div><\/div><\/div> <!-- group --><div id='group-2017' class='brf-timeline__panels-group ' data-qtt=''><div class=\"brf-timeline__panel\"><div class=\"brf-timeline__item\"><button class=\"slick-prev slick-arrow\" aria-label=\"Previous\" type=\"button\" aria-disabled=\"false\" style=\"display: none;\">Previous<\/button><div class=\"brf-timeline__image-container \"><img decoding=\"async\" src=\"https:\/\/www.brf-global.com\/wp-content\/uploads\/2018\/04\/o-instituto-1.jpg\" class=\"brf-timeline__image\" alt=\"CINCO A\u00d1OS DE HISTORIA\"><\/div><div class=\"brf-timeline__panel-content\"><h2 class=\"brf-timeline__panel-title\">CINCO A\u00d1OS DE HISTORIA<\/h2><div class=\"brf-timeline__panel-text\"><p>Celebramos cinco a\u00f1os de vida. Y con una organizaci\u00f3n ya madura, buscamos promover el alimento como herramienta para impulsar la transformaci\u00f3n en las comunidades donde actuamos, orientando nuestra actuaci\u00f3n en dos l\u00edneas program\u00e1ticas: alimentaci\u00f3n equilibrada y vida en comunidad. Fue este a\u00f1o tambi\u00e9n que establecemos el Fondo de Proyectos como \u00abedital\u00bb estructurante para el desarrollo y selecci\u00f3n de proyectos propuestos por los Comit\u00e9s.<\/p>\n<\/div><\/div><button class=\"slick-next slick-arrow\" aria-label=\"Next\" type=\"button\" style=\"display: none;\" aria-disabled=\"false\">Next<\/button><\/div><\/div><\/div> <!-- group --><\/div> <!-- panels --><\/div>\n<h2>IBRF EN N\u00daMEROS<\/h2>\n<p>Son 5 a\u00f1os de grandes encuentros, construyendo anhelos, promoviendo transformaciones positivas, realizando sue\u00f1os y superando expectativas. Son 5 a\u00f1os con datos que nos llenan de orgullo y que inspiran a seguir viendo crecer. En el caso de algunos de nuestros principales n\u00fameros,<\/p>\n<div class=\"items-enumerable items-enumerable__list theme-3\">\n<div class=\"items-enumerable__item\">\n<div class=\"number\">\n<p>60<\/p>\n<div class=\"description\">CIUDADES<\/div>\n<\/div>\n<div class=\"subtitle\">Es el n\u00famero de lugares que el IBRF est\u00e1 presente, actuando en las comunidades, promoviendo acciones voluntarias e invirtiendo en proyectos.<\/div>\n<\/div>\n<div class=\"items-enumerable__item\">\n<div class=\"number\">\n<p>1.1<\/p>\n<div class=\"description\">MILH\u00c3O DE PERSONAS<\/div>\n<\/div>\n<p>\u00a1Este es un n\u00famero que s\u00f3lo viene creciendo! M\u00e1s de un mill\u00f3n de personas ya se han beneficiado con los proyectos y acciones del IBRF. \u00a1Y viene mucho m\u00e1s por ah\u00ed!<\/p>\n<\/div>\n<div class=\"items-enumerable__item\">\n<div class=\"number\">\n<p>19.3<\/p>\n<div class=\"description\">millones<\/div>\n<\/div>\n<p>Este es el valor de las inversiones directas que se realizaron a lo largo de estos a\u00f1os por la compa\u00f1\u00eda, para las acciones y los proyectos del IBRF<\/p>\n<\/div>\n<div class=\"items-enumerable__item\">\n<div class=\"number\">\n<p><span style=\"font-size:0.5em;\">+ de<\/span> 1.100<\/p>\n<div class=\"description\">acciones<\/div>\n<\/div>\n<p>Durante estos a\u00f1os, ese es el n\u00famero de acciones de voluntariado que el IBRF ya ha realizado en todas las regiones donde act\u00faa, \u00a1en Brasil y en el mundo!<\/p>\n<\/div>\n<div class=\"items-enumerable__item\">\n<div class=\"number\">\n<p>25.5<\/p>\n<div class=\"description\">mil voluntarios<\/div>\n<\/div>\n<p>Este es el n\u00famero de funcionarios voluntarios registrados por el IBRF que participaron en las acciones durante los cinco a\u00f1os.<\/p>\n<\/div>\n<div class=\"items-enumerable__item\">\n<div class=\"number\">\n<p>8.174<\/p>\n<div class=\"description\">horas<\/div>\n<\/div>\n<p>O 490.440 minutos de trabajo voluntario realizados por los Voluntarios BRF durante los a\u00f1os de actuaci\u00f3n del IBRF.<\/p>\n<\/div>\n<\/div>\n<h2>INICIATIVAS<\/h2>\n<p>Desde su fundaci\u00f3n, el IBRF ha implantado sus principales programas en los municipios en los que BRF forma parte. En cada unidad hay un Comit\u00e9 de Desarrollo Local, formado por colaboradores. Su objetivo es analizar las oportunidades y prioridades junto a la comunidad para, entonces, gestionar todas las acciones de inversi\u00f3n social en las ciudades con el apoyo del IBRF.<\/p>\n<p><b>Programas Voluntarios BRF<\/b><br \/>\nEs el coraz\u00f3n del IBRF. La iniciativa, tiene como su fuerza mayor involucrar e integrar a sus funcionarios en busca de un \u00fanico objetivo: transformar la vida de personas y comunidades en los lugares donde la compa\u00f1\u00eda est\u00e1 presente.<\/p>\n<div class=\"brf-gallery\" data-qtt=\"8\"><div class=\"brf-gallery__item brf-gallery__item--0 brf-gallery__item--gallery__medium\" ><a href=\"https:\/\/www.brf-global.com\/wp-content\/uploads\/2018\/03\/Encontro-IBRF-2015-3.jpg\" rel=\"prettyPhoto[1650]\" data-qtt=\"3\"><img loading=\"lazy\" decoding=\"async\" width=\"388\" height=\"252\" src=\"https:\/\/www.brf-global.com\/wp-content\/uploads\/2018\/03\/Encontro-IBRF-2015-3-388x252.jpg\" class=\"attachment-gallery__medium size-gallery__medium\" alt=\"\" \/><\/a><\/div><div class=\"brf-gallery__item brf-gallery__item--1 brf-gallery__item--gallery__medium\" ><a href=\"https:\/\/www.brf-global.com\/wp-content\/uploads\/2018\/03\/Lajeado-2.jpg\" rel=\"prettyPhoto[1650]\" data-qtt=\"3\"><img loading=\"lazy\" decoding=\"async\" width=\"388\" height=\"252\" src=\"https:\/\/www.brf-global.com\/wp-content\/uploads\/2018\/03\/Lajeado-2-388x252.jpg\" class=\"attachment-gallery__medium size-gallery__medium\" alt=\"\" \/><\/a><\/div><div class=\"brf-gallery__item brf-gallery__item--2 brf-gallery__item--gallery__large\" ><a href=\"https:\/\/www.brf-global.com\/wp-content\/uploads\/2018\/03\/Lajeado-3.jpg\" rel=\"prettyPhoto[1650]\" data-qtt=\"3\"><img loading=\"lazy\" decoding=\"async\" width=\"620\" height=\"350\" src=\"https:\/\/www.brf-global.com\/wp-content\/uploads\/2018\/03\/Lajeado-3-620x350.jpg\" class=\"attachment-gallery__large size-gallery__large\" alt=\"\" \/><\/a><\/div><div class=\"brf-gallery__item brf-gallery__item--3 brf-gallery__item--gallery__small\" ><a href=\"https:\/\/www.brf-global.com\/wp-content\/uploads\/2018\/03\/Lajeado-6.jpg\" rel=\"prettyPhoto[1650]\" data-qtt=\"3\"><img loading=\"lazy\" decoding=\"async\" width=\"256\" height=\"142\" src=\"https:\/\/www.brf-global.com\/wp-content\/uploads\/2018\/03\/Lajeado-6-256x142.jpg\" class=\"attachment-gallery__small size-gallery__small\" alt=\"\" \/><\/a><\/div><div class=\"brf-gallery__item brf-gallery__item--4 brf-gallery__item--gallery__small\" ><a href=\"https:\/\/www.brf-global.com\/wp-content\/uploads\/2018\/03\/Lajeado-8.jpg\" rel=\"prettyPhoto[1650]\" data-qtt=\"3\"><img loading=\"lazy\" decoding=\"async\" width=\"256\" height=\"142\" src=\"https:\/\/www.brf-global.com\/wp-content\/uploads\/2018\/03\/Lajeado-8-256x142.jpg\" class=\"attachment-gallery__small size-gallery__small\" alt=\"\" \/><\/a><\/div><div class=\"brf-gallery__item brf-gallery__item--5 brf-gallery__item--gallery__small brf-gallery__item--hidden\" ><a href=\"https:\/\/www.brf-global.com\/wp-content\/uploads\/2018\/03\/Lajeado-10.jpg\" rel=\"prettyPhoto[1650]\"><img loading=\"lazy\" decoding=\"async\" width=\"256\" height=\"142\" src=\"https:\/\/www.brf-global.com\/wp-content\/uploads\/2018\/03\/Lajeado-10-256x142.jpg\" class=\"attachment-gallery__small size-gallery__small\" alt=\"\" \/><\/a><\/div><div class=\"brf-gallery__item brf-gallery__item--6 brf-gallery__item--gallery__small brf-gallery__item--hidden\" ><a href=\"https:\/\/www.brf-global.com\/wp-content\/uploads\/2018\/03\/Varzea-Grande-4.jpg\" rel=\"prettyPhoto[1650]\"><img loading=\"lazy\" decoding=\"async\" width=\"256\" height=\"142\" src=\"https:\/\/www.brf-global.com\/wp-content\/uploads\/2018\/03\/Varzea-Grande-4-256x142.jpg\" class=\"attachment-gallery__small size-gallery__small\" alt=\"\" \/><\/a><\/div><div class=\"brf-gallery__item brf-gallery__item--7 brf-gallery__item--gallery__small brf-gallery__item--hidden\" ><a href=\"https:\/\/www.brf-global.com\/wp-content\/uploads\/2018\/03\/Varzea-Grande-13.jpg\" rel=\"prettyPhoto[1650]\"><img loading=\"lazy\" decoding=\"async\" width=\"256\" height=\"142\" src=\"https:\/\/www.brf-global.com\/wp-content\/uploads\/2018\/03\/Varzea-Grande-13-256x142.jpg\" class=\"attachment-gallery__small size-gallery__small\" alt=\"\" \/><\/a><\/div><\/div>\n<p>&nbsp;<\/p>\n<p><b>Aniversario BRF <\/b><br \/>\nEsta es la mayor acci\u00f3n de voluntariado conjunta del IBRF, que ocurre una vez al a\u00f1o y celebra el aniversario de BRF por medio de acciones voluntarias en todo el mundo. La fecha funciona como un marco e integra a todos los voluntarios BRF en manifestaciones de solidaridad y compromiso con el desarrollo de las comunidades.<\/p>\n<p><b>Proyecto \u00abReciclA\u00e7\u00e3o\u00bb <\/b><br \/>\nCreado en 2013 por el esfuerzo conjunto de los socios locales, entre los cuales el Instituto BRF, el ReciclA\u00e7\u00e3o es un proyecto de educaci\u00f3n ambiental, la movilizaci\u00f3n comunitaria y la gesti\u00f3n de los residuos s\u00f3lidos, que tiene como objetivo erradicar los riesgos socioambientales en Morro dos Prazeres, ubicado en Santa Teresa (RJ).<br \/>\nSe basa en un modelo de cambio de comportamiento, por medio de procesos educativos y de movilizaci\u00f3n, para que hagan la correcta gesti\u00f3n de sus residuos y promuevan el reciclaje.<\/p>\n<p>Los residuos enviados para reciclaje se venden a recicladoras asociadas y generan recursos que la propia comunidad reinvierte en proyectos locales, promoviendo mejor\u00eda en las condiciones de vida.<\/p>\n<p>La metodolog\u00eda fue reconocida por la Agencia Ambiental del Gobierno de los Estados Unidos (IPA) y gan\u00f3 el sello de Tecnolog\u00eda Social por la Fundaci\u00f3n Banco do Brasil.<\/p>\n<p><b>Sentidos y Sabores <\/b><br \/>\nFue el principal proyecto de 2017, que tuvo la asociaci\u00f3n del CREN (Centro de Recuperaci\u00f3n y Educaci\u00f3n Nutricional), y tiene como objetivo rescatar la relaci\u00f3n de los individuos con la alimentaci\u00f3n y contribuir con la formaci\u00f3n de comunidades con m\u00e1s calidad de vida en los municipios donde actuamos . <\/p>\n<p><b>Fondo de Proyectos<\/b><br \/>\nCreado por el IBRF en 2017, el Fondo de Proyectos cambi\u00f3 la manera de seleccionar y ejecutar los proyectos locales coordinados por los Comit\u00e9s de Inversi\u00f3n Social. Con el Fondo, el IBRF invierte en iniciativas estrat\u00e9gicas propuestas por los Comit\u00e9s, siempre en asociaci\u00f3n con organizaciones y \u00f3rganos sociales locales.<br \/>\nLa selecci\u00f3n de las propuestas ocurre a partir de una evaluaci\u00f3n conjunta del equipo IBRF con los coordinadores de los Comit\u00e9s y con el apoyo de Atados, organizaci\u00f3n especializada en voluntariado corporativo.<\/p>\n<\/div>\n<\/div>\n","protected":false},"excerpt":{"rendered":"<p>Contribuir a una mejor calidad de vida, un medio ambiente m\u00e1s equilibrado y m\u00e1s justicia social.<\/p>\n","protected":false},"author":1,"featured_media":0,"parent":27111,"menu_order":0,"comment_status":"closed","ping_status":"closed","template":"template-pages\/template-level-2.php","meta":{"_acf_changed":false,"footnotes":""},"yst_prominent_words":[],"class_list":["post-27118","page","type-page","status-publish","hentry"],"acf":[],"_links":{"self":[{"href":"https:\/\/www.brf-global.com\/es\/wp-json\/wp\/v2\/pages\/27118","targetHints":{"allow":["GET"]}}],"collection":[{"href":"https:\/\/www.brf-global.com\/es\/wp-json\/wp\/v2\/pages"}],"about":[{"href":"https:\/\/www.brf-global.com\/es\/wp-json\/wp\/v2\/types\/page"}],"author":[{"embeddable":true,"href":"https:\/\/www.brf-global.com\/es\/wp-json\/wp\/v2\/users\/1"}],"replies":[{"embeddable":true,"href":"https:\/\/www.brf-global.com\/es\/wp-json\/wp\/v2\/comments?post=27118"}],"version-history":[{"count":9,"href":"https:\/\/www.brf-global.com\/es\/wp-json\/wp\/v2\/pages\/27118\/revisions"}],"predecessor-version":[{"id":27824,"href":"https:\/\/www.brf-global.com\/es\/wp-json\/wp\/v2\/pages\/27118\/revisions\/27824"}],"up":[{"embeddable":true,"href":"https:\/\/www.brf-global.com\/es\/wp-json\/wp\/v2\/pages\/27111"}],"wp:attachment":[{"href":"https:\/\/www.brf-global.com\/es\/wp-json\/wp\/v2\/media?parent=27118"}],"wp:term":[{"taxonomy":"yst_prominent_words","embeddable":true,"href":"https:\/\/www.brf-global.com\/es\/wp-json\/wp\/v2\/yst_prominent_words?post=27118"}],"curies":[{"name":"wp","href":"https:\/\/api.w.org\/{rel}","templated":true}]}}