{"id":27177,"date":"2018-08-03T15:32:26","date_gmt":"2018-08-03T18:32:26","guid":{"rendered":"https:\/\/www.brf-global.com\/?page_id=27177"},"modified":"2018-08-03T15:32:26","modified_gmt":"2018-08-03T18:32:26","slug":"nuestra-filosofia","status":"publish","type":"page","link":"https:\/\/www.brf-global.com\/es\/carreras\/sobre-el-area\/nuestra-filosofia\/","title":{"rendered":"Nuestra Filosof\u00eda"},"content":{"rendered":"<div>\n<p>La consolidaci\u00f3n de BRF como una de las compa\u00f1\u00edas l\u00edderes mundiales en la producci\u00f3n de prote\u00edna animal y una de las mayores empresas de alimentos del planeta, s\u00f3lo es posible gracias a la actuaci\u00f3n de profesionales competentes y apasionados por lo que hacen y que trabajan diariamente en busca de calidad e innovaci\u00f3n.<\/p>\n<p>Con una cadena tan extensa y compleja, que comienza en las granjas y f\u00e1bricas y se extiende hasta las oficinas corporativas esparcidas por todo el mundo, entendemos la importancia de mantener una cultura organizacional como un proceso vivo, de coparticipaci\u00f3n, funcionando de modo transversal a las jerarqu\u00edas.<\/p>\n<p><img loading=\"lazy\" decoding=\"async\" class=\"alignnone wp-image-1655\" src=\"https:\/\/www.brf-global.com\/wp-content\/uploads\/2018\/03\/IMG_0054.jpg\" alt=\"\" width=\"785\" height=\"524\" srcset=\"https:\/\/www.brf-global.com\/wp-content\/uploads\/2018\/03\/IMG_0054.jpg 5616w, https:\/\/www.brf-global.com\/wp-content\/uploads\/2018\/03\/IMG_0054-300x200.jpg 300w, https:\/\/www.brf-global.com\/wp-content\/uploads\/2018\/03\/IMG_0054-768x512.jpg 768w, https:\/\/www.brf-global.com\/wp-content\/uploads\/2018\/03\/IMG_0054-1024x683.jpg 1024w, https:\/\/www.brf-global.com\/wp-content\/uploads\/2018\/03\/IMG_0054-180x120.jpg 180w\" sizes=\"auto, (max-width: 785px) 100vw, 785px\" \/><\/p>\n<p>Estimamos por garantizar en todas las esferas de la compa\u00f1\u00eda, equipos vers\u00e1tiles, que tengan <strong>agilidad y energ\u00eda<\/strong> para transitar en las m\u00e1s diversas \u00e1reas dentro de BRF y que est\u00e9n dispuestas a desaf\u00edos que contribuyan a nuestro constante proceso de transformaci\u00f3n, adem\u00e1s de poder ofrecer toda la estructura necesaria para su propio desarrollo profesional.<\/p>\n<p>Es con ese sentimiento de pertenencia y conexi\u00f3n con nuestro prop\u00f3sito, que cada colaborador es reconocido dentro de la compa\u00f1\u00eda como un <strong><em>food lover<\/em><\/strong>, es decir, un apasionado por alimentos cada vez m\u00e1s consciente de su importancia para BRF y para el mundo.<\/p>\n<p>La visi\u00f3n de cada colaborador como un food lover evidencia la importancia global de una empresa que produce alimentos, involucr\u00e1ndolos en todo momento en el desarrollo de soluciones y productos, en el cuidado con un ambiente productivo y en la b\u00fasqueda de una atm\u00f3sfera de trabajo sana y propicia a la evoluci\u00f3n.<\/p>\n<p><strong>\u00a1VEN CON NOSOTROS!<\/strong><\/p>\n<div class=\"w w--gallery w--prod\"><div class=\"brf-gallery\" data-qtt=\"19\"><div class=\"brf-gallery__item brf-gallery__item--0 brf-gallery__item--gallery__medium\" ><a href=\"https:\/\/www.brf-global.com\/wp-content\/uploads\/2018\/03\/IMG_0066.jpg\" rel=\"prettyPhoto[1651]\" data-qtt=\"14\"><img loading=\"lazy\" decoding=\"async\" width=\"388\" height=\"252\" src=\"https:\/\/www.brf-global.com\/wp-content\/uploads\/2018\/03\/IMG_0066-388x252.jpg\" class=\"attachment-gallery__medium size-gallery__medium\" alt=\"\" \/><\/a><\/div><div class=\"brf-gallery__item brf-gallery__item--1 brf-gallery__item--gallery__medium\" ><a href=\"https:\/\/www.brf-global.com\/wp-content\/uploads\/2018\/03\/IMG_0101.jpg\" rel=\"prettyPhoto[1651]\" data-qtt=\"14\"><img loading=\"lazy\" decoding=\"async\" width=\"388\" height=\"252\" src=\"https:\/\/www.brf-global.com\/wp-content\/uploads\/2018\/03\/IMG_0101-388x252.jpg\" class=\"attachment-gallery__medium size-gallery__medium\" alt=\"\" \/><\/a><\/div><div class=\"brf-gallery__item brf-gallery__item--2 brf-gallery__item--gallery__large\" ><a href=\"https:\/\/www.brf-global.com\/wp-content\/uploads\/2018\/03\/IMG_0173.jpg\" rel=\"prettyPhoto[1651]\" data-qtt=\"14\"><img loading=\"lazy\" decoding=\"async\" width=\"620\" height=\"350\" src=\"https:\/\/www.brf-global.com\/wp-content\/uploads\/2018\/03\/IMG_0173-620x350.jpg\" class=\"attachment-gallery__large size-gallery__large\" alt=\"\" \/><\/a><\/div><div class=\"brf-gallery__item brf-gallery__item--3 brf-gallery__item--gallery__small\" ><a href=\"https:\/\/www.brf-global.com\/wp-content\/uploads\/2018\/03\/IMG_0192.jpg\" rel=\"prettyPhoto[1651]\" data-qtt=\"14\"><img loading=\"lazy\" decoding=\"async\" width=\"256\" height=\"142\" src=\"https:\/\/www.brf-global.com\/wp-content\/uploads\/2018\/03\/IMG_0192-256x142.jpg\" class=\"attachment-gallery__small size-gallery__small\" alt=\"\" \/><\/a><\/div><div class=\"brf-gallery__item brf-gallery__item--4 brf-gallery__item--gallery__small\" ><a href=\"https:\/\/www.brf-global.com\/wp-content\/uploads\/2018\/03\/IMG_0228.jpg\" rel=\"prettyPhoto[1651]\" data-qtt=\"14\"><img loading=\"lazy\" decoding=\"async\" width=\"256\" height=\"142\" src=\"https:\/\/www.brf-global.com\/wp-content\/uploads\/2018\/03\/IMG_0228-256x142.jpg\" class=\"attachment-gallery__small size-gallery__small\" alt=\"\" \/><\/a><\/div><div class=\"brf-gallery__item brf-gallery__item--5 brf-gallery__item--gallery__small brf-gallery__item--hidden\" ><a href=\"https:\/\/www.brf-global.com\/wp-content\/uploads\/2018\/03\/IMG_0347.jpg\" rel=\"prettyPhoto[1651]\"><img loading=\"lazy\" decoding=\"async\" width=\"256\" height=\"142\" src=\"https:\/\/www.brf-global.com\/wp-content\/uploads\/2018\/03\/IMG_0347-256x142.jpg\" class=\"attachment-gallery__small size-gallery__small\" alt=\"\" \/><\/a><\/div><div class=\"brf-gallery__item brf-gallery__item--6 brf-gallery__item--gallery__small brf-gallery__item--hidden\" ><a href=\"https:\/\/www.brf-global.com\/wp-content\/uploads\/2018\/03\/IMG_0646.jpg\" rel=\"prettyPhoto[1651]\"><img loading=\"lazy\" decoding=\"async\" width=\"256\" height=\"142\" src=\"https:\/\/www.brf-global.com\/wp-content\/uploads\/2018\/03\/IMG_0646-256x142.jpg\" class=\"attachment-gallery__small size-gallery__small\" alt=\"\" \/><\/a><\/div><div class=\"brf-gallery__item brf-gallery__item--7 brf-gallery__item--gallery__small brf-gallery__item--hidden\" ><a href=\"https:\/\/www.brf-global.com\/wp-content\/uploads\/2018\/03\/IMG_1068.jpg\" rel=\"prettyPhoto[1651]\"><img loading=\"lazy\" decoding=\"async\" width=\"256\" height=\"142\" src=\"https:\/\/www.brf-global.com\/wp-content\/uploads\/2018\/03\/IMG_1068-256x142.jpg\" class=\"attachment-gallery__small size-gallery__small\" alt=\"\" \/><\/a><\/div><div class=\"brf-gallery__item brf-gallery__item--8 brf-gallery__item--gallery__small brf-gallery__item--hidden\" ><a href=\"https:\/\/www.brf-global.com\/wp-content\/uploads\/2018\/03\/IMG_1153.jpg\" rel=\"prettyPhoto[1651]\"><img loading=\"lazy\" decoding=\"async\" width=\"256\" height=\"142\" src=\"https:\/\/www.brf-global.com\/wp-content\/uploads\/2018\/03\/IMG_1153-256x142.jpg\" class=\"attachment-gallery__small size-gallery__small\" alt=\"\" \/><\/a><\/div><div class=\"brf-gallery__item brf-gallery__item--9 brf-gallery__item--gallery__small brf-gallery__item--hidden\" ><a href=\"https:\/\/www.brf-global.com\/wp-content\/uploads\/2018\/03\/IMG_1318.jpg\" rel=\"prettyPhoto[1651]\"><img loading=\"lazy\" decoding=\"async\" width=\"256\" height=\"142\" src=\"https:\/\/www.brf-global.com\/wp-content\/uploads\/2018\/03\/IMG_1318-256x142.jpg\" class=\"attachment-gallery__small size-gallery__small\" alt=\"\" \/><\/a><\/div><div class=\"brf-gallery__item brf-gallery__item--10 brf-gallery__item--gallery__small brf-gallery__item--hidden\" ><a href=\"https:\/\/www.brf-global.com\/wp-content\/uploads\/2018\/03\/IMG_2227.jpg\" rel=\"prettyPhoto[1651]\"><img loading=\"lazy\" decoding=\"async\" width=\"256\" height=\"142\" src=\"https:\/\/www.brf-global.com\/wp-content\/uploads\/2018\/03\/IMG_2227-256x142.jpg\" class=\"attachment-gallery__small size-gallery__small\" alt=\"\" \/><\/a><\/div><div class=\"brf-gallery__item brf-gallery__item--11 brf-gallery__item--gallery__small brf-gallery__item--hidden\" ><a href=\"https:\/\/www.brf-global.com\/wp-content\/uploads\/2018\/03\/IMG_2236.jpg\" rel=\"prettyPhoto[1651]\"><img loading=\"lazy\" decoding=\"async\" width=\"256\" height=\"142\" src=\"https:\/\/www.brf-global.com\/wp-content\/uploads\/2018\/03\/IMG_2236-256x142.jpg\" class=\"attachment-gallery__small size-gallery__small\" alt=\"\" \/><\/a><\/div><div class=\"brf-gallery__item brf-gallery__item--12 brf-gallery__item--gallery__small brf-gallery__item--hidden\" ><a href=\"https:\/\/www.brf-global.com\/wp-content\/uploads\/2018\/03\/IMG_2354.jpg\" rel=\"prettyPhoto[1651]\"><img loading=\"lazy\" decoding=\"async\" width=\"256\" height=\"142\" src=\"https:\/\/www.brf-global.com\/wp-content\/uploads\/2018\/03\/IMG_2354-256x142.jpg\" class=\"attachment-gallery__small size-gallery__small\" alt=\"\" \/><\/a><\/div><div class=\"brf-gallery__item brf-gallery__item--13 brf-gallery__item--gallery__small brf-gallery__item--hidden\" ><a href=\"https:\/\/www.brf-global.com\/wp-content\/uploads\/2018\/03\/IMG_2358.jpg\" rel=\"prettyPhoto[1651]\"><img loading=\"lazy\" decoding=\"async\" width=\"256\" height=\"142\" src=\"https:\/\/www.brf-global.com\/wp-content\/uploads\/2018\/03\/IMG_2358-256x142.jpg\" class=\"attachment-gallery__small size-gallery__small\" alt=\"\" \/><\/a><\/div><div class=\"brf-gallery__item brf-gallery__item--14 brf-gallery__item--gallery__small brf-gallery__item--hidden\" ><a href=\"https:\/\/www.brf-global.com\/wp-content\/uploads\/2018\/03\/IMG_2403.jpg\" rel=\"prettyPhoto[1651]\"><img loading=\"lazy\" decoding=\"async\" width=\"256\" height=\"142\" src=\"https:\/\/www.brf-global.com\/wp-content\/uploads\/2018\/03\/IMG_2403-256x142.jpg\" class=\"attachment-gallery__small size-gallery__small\" alt=\"\" \/><\/a><\/div><div class=\"brf-gallery__item brf-gallery__item--15 brf-gallery__item--gallery__small brf-gallery__item--hidden\" ><a href=\"https:\/\/www.brf-global.com\/wp-content\/uploads\/2018\/03\/IMG_2643.jpg\" rel=\"prettyPhoto[1651]\"><img loading=\"lazy\" decoding=\"async\" width=\"256\" height=\"142\" src=\"https:\/\/www.brf-global.com\/wp-content\/uploads\/2018\/03\/IMG_2643-256x142.jpg\" class=\"attachment-gallery__small size-gallery__small\" alt=\"\" \/><\/a><\/div><div class=\"brf-gallery__item brf-gallery__item--16 brf-gallery__item--gallery__small brf-gallery__item--hidden\" ><a href=\"https:\/\/www.brf-global.com\/wp-content\/uploads\/2018\/03\/IMG_3117.jpg\" rel=\"prettyPhoto[1651]\"><img loading=\"lazy\" decoding=\"async\" width=\"256\" height=\"142\" src=\"https:\/\/www.brf-global.com\/wp-content\/uploads\/2018\/03\/IMG_3117-256x142.jpg\" class=\"attachment-gallery__small size-gallery__small\" alt=\"\" \/><\/a><\/div><div class=\"brf-gallery__item brf-gallery__item--17 brf-gallery__item--gallery__small brf-gallery__item--hidden\" ><a href=\"https:\/\/www.brf-global.com\/wp-content\/uploads\/2018\/03\/IMG_3849.jpg\" rel=\"prettyPhoto[1651]\"><img loading=\"lazy\" decoding=\"async\" width=\"256\" height=\"142\" src=\"https:\/\/www.brf-global.com\/wp-content\/uploads\/2018\/03\/IMG_3849-256x142.jpg\" class=\"attachment-gallery__small size-gallery__small\" alt=\"\" \/><\/a><\/div><div class=\"brf-gallery__item brf-gallery__item--18 brf-gallery__item--gallery__small brf-gallery__item--hidden\" ><a href=\"https:\/\/www.brf-global.com\/wp-content\/uploads\/2018\/03\/IMG_0324.jpg\" rel=\"prettyPhoto[1651]\"><img loading=\"lazy\" decoding=\"async\" width=\"256\" height=\"142\" src=\"https:\/\/www.brf-global.com\/wp-content\/uploads\/2018\/03\/IMG_0324-256x142.jpg\" class=\"attachment-gallery__small size-gallery__small\" alt=\"\" \/><\/a><\/div><\/div><\/div>\n<h2>Diversidad e inclusi\u00f3n<\/h2>\n<p>En los \u00faltimos a\u00f1os, buscamos transformar la multiculturalidad y la diversidad de experiencias en activos estrat\u00e9gicos a partir de los cuales sea posible construir una cultura fuerte e integrada. Trazos, personalidades, edades, colores, preferencias, naturalidades, formas de pensar y de vivir. Todo esto est\u00e1 en el campo, en nuestros centros de distribuci\u00f3n, en las f\u00e1bricas, en las oficinas y en la mesa de nuestros consumidores.<\/p>\n<p><strong>\u00bfY c\u00f3mo BRF impulsa esa fuerza?<\/strong><\/p>\n<p>Estimulando a cada persona a desarrollarse en su totalidad, identificando sus diferencias y enorgulleci\u00e9ndose de ellas, valorando los recorridos de la vida y las pasiones individuales de miles de <strong><em>food lovers<\/em><\/strong> a lo largo de la cadena.<\/p>\n<p>En el d\u00eda a d\u00eda, celebramos las potencialidades que est\u00e1n presentes en todos los ecosistemas donde BRF act\u00faa: \u00c1frica, Europa, Asia, Oriente Medio y Am\u00e9rica Latina &#8211; primando por la integraci\u00f3n, colaboraci\u00f3n e interdependencia de ellas.<\/p>\n<p>Es en el mestizaje de diferentes h\u00e1bitos, tradiciones y experiencias, que reconocemos la diversidad como una pieza fundamental para nuestra existencia. Y as\u00ed, nos presentamos al mundo con la convicci\u00f3n de ser esa mezcla infinita.<\/p>\n<\/div>\n","protected":false},"excerpt":{"rendered":"<p>Atraer y desarrollar talentos es lo que es m\u00e1s importante para nosotros. Despu\u00e9s de todo, son ellos quienes llevan nuestros productos a mesas de familias por todo el mundo.<\/p>\n","protected":false},"author":1,"featured_media":0,"parent":27157,"menu_order":0,"comment_status":"closed","ping_status":"closed","template":"template-pages\/template-level-2.php","meta":{"_acf_changed":false,"footnotes":""},"yst_prominent_words":[],"class_list":["post-27177","page","type-page","status-publish","hentry"],"acf":[],"_links":{"self":[{"href":"https:\/\/www.brf-global.com\/es\/wp-json\/wp\/v2\/pages\/27177","targetHints":{"allow":["GET"]}}],"collection":[{"href":"https:\/\/www.brf-global.com\/es\/wp-json\/wp\/v2\/pages"}],"about":[{"href":"https:\/\/www.brf-global.com\/es\/wp-json\/wp\/v2\/types\/page"}],"author":[{"embeddable":true,"href":"https:\/\/www.brf-global.com\/es\/wp-json\/wp\/v2\/users\/1"}],"replies":[{"embeddable":true,"href":"https:\/\/www.brf-global.com\/es\/wp-json\/wp\/v2\/comments?post=27177"}],"version-history":[{"count":2,"href":"https:\/\/www.brf-global.com\/es\/wp-json\/wp\/v2\/pages\/27177\/revisions"}],"predecessor-version":[{"id":27179,"href":"https:\/\/www.brf-global.com\/es\/wp-json\/wp\/v2\/pages\/27177\/revisions\/27179"}],"up":[{"embeddable":true,"href":"https:\/\/www.brf-global.com\/es\/wp-json\/wp\/v2\/pages\/27157"}],"wp:attachment":[{"href":"https:\/\/www.brf-global.com\/es\/wp-json\/wp\/v2\/media?parent=27177"}],"wp:term":[{"taxonomy":"yst_prominent_words","embeddable":true,"href":"https:\/\/www.brf-global.com\/es\/wp-json\/wp\/v2\/yst_prominent_words?post=27177"}],"curies":[{"name":"wp","href":"https:\/\/api.w.org\/{rel}","templated":true}]}}