{"id":27221,"date":"2018-08-03T17:43:05","date_gmt":"2018-08-03T20:43:05","guid":{"rendered":"https:\/\/www.brf-global.com\/?page_id=27221"},"modified":"2025-09-10T10:55:01","modified_gmt":"2025-09-10T13:55:01","slug":"canal-de-transparencia","status":"publish","type":"page","link":"https:\/\/www.brf-global.com\/es\/acerca-de\/etica-y-transparencia\/canal-de-transparencia\/","title":{"rendered":"Canal de transparencia"},"content":{"rendered":"\r\n<section class=\"section-new-header \">\r\n    <div class=\"container-lg\">\r\n        <div class=\"row\">\r\n            <div class=\"col-12 col-lg-5 order-2 order-lg-1\">\r\n                <div class=\"content-text\">\r\n                    <h3>Canal de transparencia<\/h3>\n                <\/div>\r\n            <\/div>\r\n\r\n            <div class=\"col-12 col-lg-7 content-slide\">\r\n                <div class=\"slide-banner-inner-pages \">\r\n                                                <div class=\"content-inner-page\" style=\"background-image: url(https:\/\/www.brf-global.com\/wp-content\/uploads\/2025\/05\/novobanner.jpg);\">\r\n                                <div class=\"content-text-slide\">\r\n                                                                    <\/div>\r\n                            <\/div>\r\n                                                            <\/div>\r\n            <\/div>\r\n\r\n\r\n            <div class=\"col-12 col-lg-7 order-1 order-lg-2 content-slide content-mobile\">\r\n                <div class=\"slide-banner-inner-pages \">\r\n                                                <div class=\"content-inner-page\">\r\n                                <img decoding=\"async\" src=\"https:\/\/www.brf-global.com\/wp-content\/uploads\/2025\/05\/novobanner-mobile.jpg\" \/>\r\n                                <div class=\"content-text-slide\">\r\n                                                                    <\/div>\r\n                            <\/div>\r\n                                                            <\/div>\r\n            <\/div>\r\n        <\/div>\r\n    <\/div>\r\n<\/section>\n\n\r\n<section class=\"section-inovacao mt-5\">\r\n    <div class=\"container\">\r\n        <div class=\"row\">\r\n            <div class=\"col-12 px-4 px-xl-0 mt-5 mt-xl-0\">\r\n                <div class=\"content-text\" style=\"max-width: 100%\">\r\n                    <p><span data-olk-copy-source=\"MessageBody\">BRF se enorgullece de actuar con \u00e9tica, integridad, transparencia y respeto hacia las personas, y exige que estos valores tambi\u00e9n sean practicados por sus empleados, clientes, prestadores de servicios, proveedores y socios.<\/span><\/p>\n<p><span data-olk-copy-source=\"MessageBody\">La compa\u00f1\u00eda cuenta con el <strong>Canal de Transparencia BRF<\/strong>, implementado con el objetivo de facilitar la comunicaci\u00f3n de posibles violaciones al <a href=\"https:\/\/www.brf-global.com\/wp-content\/uploads\/2023\/05\/BRF_Manual_Transp_2020_FINAL1_EN_1.12.pdf\" target=\"_blank\" rel=\"noopener\">Manual de Transparencia<\/a> (c\u00f3digo de conducta de BRF), a las leyes aplicables o a las pol\u00edticas y normas de la compa\u00f1\u00eda.<\/span><\/p>\n<p>Los empleados y personas externas a BRF pueden realizar una denuncia, an\u00f3nima o no, seg\u00fan su conveniencia, directamente a trav\u00e9s del sitio web\u00a0<a class=\"ms-outlook-linkify\" title=\"http:\/\/www.integridade.brf.com\" href=\"http:\/\/www.integridade.brf.com\/\" target=\"_blank\" rel=\"noopener\" data-linkindex=\"4\">www.integridade.brf.com<\/a>\u00a0(Brasil) o\u00a0<a class=\"ms-outlook-linkify\" title=\"http:\/\/www.compliance.brf.com\" href=\"http:\/\/www.compliance.brf.com\/\" target=\"_blank\" rel=\"noopener\" data-linkindex=\"5\">www.compliance.brf.com<\/a>\u00a0(Internacional), o mediante los tel\u00e9fonos disponibles que se indican a continuaci\u00f3n.<\/p>\n<p><span data-olk-copy-source=\"MessageBody\">Aprovechamos para recordar que, seg\u00fan lo establecido en la pol\u00edtica corporativa, BRF no tolera represalias ni sanciones contra quienes realicen una denuncia de buena fe y con responsabilidad.<\/span><\/p>\n                <\/div>\r\n            <\/div>\r\n        <\/div>\r\n    <\/div>\r\n<\/section>\n\n\r\n<section class=\"section-inovacao \">\r\n    <div class=\"container\">\r\n        <div class=\"row\">\r\n            <div class=\"col-12 px-4 px-xl-0 mt-5 mt-xl-0\">\r\n                <div class=\"content-text\" style=\"max-width: 100%\">\r\n                    <figure class=\"wp-block-table\">\n<table class=\"has-fixed-layout\" style=\"font-size: 18px; color: #000;\">\n<tbody>\n<tr>\n<td><strong><b>Pa\u00eds<\/b><\/strong><\/td>\n<td><strong><b>N\u00famero<\/b><\/strong><\/td>\n<\/tr>\n<tr>\n<td>Brasil<\/td>\n<td>0800 450 0000<\/td>\n<\/tr>\n<tr>\n<td><span data-olk-copy-source=\"MessageBody\">Sud\u00e1frica<\/span><\/td>\n<td>080 098 0081<\/td>\n<\/tr>\n<tr>\n<td>Arabia Saudita<\/td>\n<td>800 814 7002<\/td>\n<\/tr>\n<tr>\n<td>Austria<\/td>\n<td>0800 281118<\/td>\n<\/tr>\n<tr>\n<td>Catar<\/td>\n<td>00800-100-879<\/td>\n<\/tr>\n<tr>\n<td>Chile<\/td>\n<td>1230 020 6846<\/td>\n<\/tr>\n<tr>\n<td>China<\/td>\n<td>400 120 3150<\/td>\n<\/tr>\n<tr>\n<td><span data-olk-copy-source=\"MessageBody\">Emiratos \u00c1rabes Unidos<\/span><\/td>\n<td>800 0320778<\/td>\n<\/tr>\n<tr>\n<td><span data-olk-copy-source=\"MessageBody\">Jap\u00f3n<\/span><\/td>\n<td>0800-222-2090<\/td>\n<\/tr>\n<tr>\n<td>Kuwait<\/td>\n<td>96522279505<\/td>\n<\/tr>\n<tr>\n<td><span data-olk-copy-source=\"MessageBody\">Om\u00e1n<\/span><\/td>\n<td>800 74471<\/td>\n<\/tr>\n<tr>\n<td><span data-olk-copy-source=\"MessageBody\">Singapur<\/span><\/td>\n<td>800 492 2433<\/td>\n<\/tr>\n<tr>\n<td><span data-olk-copy-source=\"MessageBody\">Turqu\u00eda<\/span><\/td>\n<td>0800 621 0202<\/td>\n<\/tr>\n<\/tbody>\n<\/table>\n<\/figure>\n                <\/div>\r\n            <\/div>\r\n        <\/div>\r\n    <\/div>\r\n<\/section>","protected":false},"excerpt":{"rendered":"<p>Canal creado para estimular a\u00fan m\u00e1s el di\u00e1logo y la transparencia entre la compa\u00f1\u00eda, el mercado y la sociedad.<\/p>\n","protected":false},"author":1,"featured_media":0,"parent":27196,"menu_order":1,"comment_status":"closed","ping_status":"closed","template":"template-pages\/template-moderno.php","meta":{"_acf_changed":false,"footnotes":""},"yst_prominent_words":[],"class_list":["post-27221","page","type-page","status-publish","hentry"],"acf":[],"_links":{"self":[{"href":"https:\/\/www.brf-global.com\/es\/wp-json\/wp\/v2\/pages\/27221","targetHints":{"allow":["GET"]}}],"collection":[{"href":"https:\/\/www.brf-global.com\/es\/wp-json\/wp\/v2\/pages"}],"about":[{"href":"https:\/\/www.brf-global.com\/es\/wp-json\/wp\/v2\/types\/page"}],"author":[{"embeddable":true,"href":"https:\/\/www.brf-global.com\/es\/wp-json\/wp\/v2\/users\/1"}],"replies":[{"embeddable":true,"href":"https:\/\/www.brf-global.com\/es\/wp-json\/wp\/v2\/comments?post=27221"}],"version-history":[{"count":13,"href":"https:\/\/www.brf-global.com\/es\/wp-json\/wp\/v2\/pages\/27221\/revisions"}],"predecessor-version":[{"id":38057,"href":"https:\/\/www.brf-global.com\/es\/wp-json\/wp\/v2\/pages\/27221\/revisions\/38057"}],"up":[{"embeddable":true,"href":"https:\/\/www.brf-global.com\/es\/wp-json\/wp\/v2\/pages\/27196"}],"wp:attachment":[{"href":"https:\/\/www.brf-global.com\/es\/wp-json\/wp\/v2\/media?parent=27221"}],"wp:term":[{"taxonomy":"yst_prominent_words","embeddable":true,"href":"https:\/\/www.brf-global.com\/es\/wp-json\/wp\/v2\/yst_prominent_words?post=27221"}],"curies":[{"name":"wp","href":"https:\/\/api.w.org\/{rel}","templated":true}]}}