{"id":27431,"date":"2018-08-07T20:47:43","date_gmt":"2018-08-07T23:47:43","guid":{"rendered":"https:\/\/www.brf-global.com\/?page_id=27431"},"modified":"2018-08-10T17:52:55","modified_gmt":"2018-08-10T20:52:55","slug":"terminos-de-uso","status":"publish","type":"page","link":"https:\/\/www.brf-global.com\/es\/terminos-de-uso\/","title":{"rendered":"T\u00e9rminos de Uso"},"content":{"rendered":"<style>\n.category__header{background-image: url(\/wp-content\/uploads\/2018\/03\/Consumidores-e-Clientes.jpg);}\n<\/style>\n<p>Al navegar por este sitio web, el visitante y\/o usuario declara haber le\u00eddo, comprendido y aceptado los T\u00e9rminos y Condiciones de Uso que lo rigen, la Pol\u00edtica de Privacidad y todas las dem\u00e1s alertas y avisos que puedan aparecer vinculados a asuntos tratados en dichos T\u00e9rminos.<br \/>\nT\u00c9RMINOS Y CONDICIONES DE USO<\/p>\n<p>1. Cualquier informaci\u00f3n que los usuarios pasen ser\u00e1 recolectada y guardada de acuerdo con est\u00e1ndares r\u00edgidos de seguridad y confidencialidad.<\/p>\n<p>2. Las informaciones personales que sean pasadas a la compa\u00f1\u00eda por los usuarios ser\u00e1n recolectadas por medios \u00e9ticos y legales, pudiendo tener uno o m\u00e1s prop\u00f3sitos, sobre los cuales los usuarios ser\u00e1n informados.<\/p>\n<p>3. Los usuarios ser\u00e1n advertidos de cu\u00e1les informaciones ser\u00e1n recolectadas antes del instante de esa recolecci\u00f3n, quedando la opci\u00f3n de elecci\u00f3n para proveer o no esas informaciones, bajo responsabilidad del usuario, el cual tambi\u00e9n tendr\u00e1 conocimiento de las consecuencias de su decisi\u00f3n.<\/p>\n<p>4. A menos que BRF reciba determinaci\u00f3n legal o judicial, su informaci\u00f3n nunca ser\u00e1 transferida a terceros o utilizada para fines distintos de aquellos para los que fueron recolectados.<\/p>\n<p>5. Este sitio web tiene una pol\u00edtica expresa sobre Privacidad de los datos obtenidos a trav\u00e9s de \u00e9l. Las informaciones de registro y dem\u00e1s informaciones sobre los Usuarios est\u00e1n sujetas al tratamiento definido en la referida Pol\u00edtica. Para m\u00e1s informaci\u00f3n, consulte el documento \u00abPol\u00edtica de Privacidad\u00bb. Este documento es parte integrante e indisociable de los T\u00e9rminos y Condiciones de Uso de este sitio y deber\u00e1 ser le\u00eddo atentamente por todos los visitantes y\/o Usuarios.<\/p>\n<p>6. El acceso a las informaciones recolectadas s\u00f3lo est\u00e1 restringido a los funcionarios autorizados para el uso adecuado de dichas informaciones. Los funcionarios que utilicen indebidamente estas informaciones, perjudicando esta Pol\u00edtica de Privacidad, estar\u00e1n sujetos a las penalidades del proceso disciplinario de BRF.<\/p>\n<p>7. La compa\u00f1\u00eda mantendr\u00e1 \u00edntegras la informaci\u00f3n que se proporcione a los visitantes.<\/p>\n<p>8. Este sitio web contiene enlaces o marcos de otros sitios, que pueden o no ser socios de la compa\u00f1\u00eda y aliados. Estos enlaces y marcos est\u00e1n disponibles buscando, tan s\u00f3lo, proporcionar un beneficio m\u00e1s para los usuarios. Es importante resaltar que la inclusi\u00f3n de estos enlaces y frames no significa que BRF tenga conocimiento, est\u00e9 de acuerdo o sea responsable de ellos o por sus respectivos contenidos. Por lo tanto, BRF no puede ser responsabilizada por eventuales p\u00e9rdidas o da\u00f1os sufridos en raz\u00f3n de utilizaci\u00f3n de dichos enlaces o frames.<\/p>\n<p>9. Siempre que otras organizaciones sean contratadas para proveer servicios de apoyo, se requerir\u00e1 la adecuaci\u00f3n a los est\u00e1ndares de privacidad de BRF.<\/p>\n<p>10. Para fines administrativos, eventualmente la compa\u00f1\u00eda podr\u00e1 utilizar \u00abcookies\u00bb*, siendo que el usuario puede, a cualquier momento, activar en su navegador mecanismos para informarle cuando los mismos est\u00e9n accionados o para evitar que sean accionados.<\/p>\n<p>11. Los t\u00e9rminos y condiciones de uso de este sitio web est\u00e1n sujetos a constantes mejoras. As\u00ed, BRF &#8211; BRF S.A. podr\u00e1, en cualquier momento, modificar los T\u00e9rminos y Condiciones de Uso de este sitio, el cual entrar\u00e1 en vigor en el momento de su publicaci\u00f3n en este sitio web.<\/p>\n<p>12. No se permite el uso comercial de la expresi\u00f3n BRF &#8211; BRF SA como marca, nombre empresarial o nombre de dominio, as\u00ed como los contenidos de las pantallas del sitio web de BRF &#8211; BRF SA, as\u00ed como los programas, bases de datos, redes, archivos que permiten que el usuario accede y utilice a trav\u00e9s de su cuenta son propiedad de BRF &#8211; BRF SA y est\u00e1n protegidos por las leyes y tratados internacionales de derecho de autor, marcas, patentes, modelos y dise\u00f1os industriales, siendo prohibido el uso por el usuario, salvo previa autorizaci\u00f3n por escrito.<br \/>\nEl Usuario declara que respetar\u00e1 todos los derechos de propiedad intelectual y los derivados de la protecci\u00f3n de marcas registradas de la misma, as\u00ed como de todos los derechos referentes a terceros que puedan o est\u00e9n de alguna manera disponibles en el sitio web de la misma. BRF &#8211; BRF S.A.<\/p>\n<p>13. El acceso al sitio web de BRF &#8211; BRF S.A. no otorga al Usuario ning\u00fan derecho de uso de los nombres, t\u00edtulos, palabras, frases, marcas, patentes, obras literarias, art\u00edsticas, litero-musicales, im\u00e1genes, v\u00eddeos, s\u00edmbolos, entre otras, que en \u00e9l est\u00e9n disponibles o est\u00e9n disponibles.<br \/>\nLa reproducci\u00f3n, distribuci\u00f3n, divulgaci\u00f3n, adaptaci\u00f3n, modificaci\u00f3n, utilizaci\u00f3n, edici\u00f3n, puesta a disposici\u00f3n en cualquier medio de comunicaci\u00f3n, etc., total o parcial de los contenidos descritos anteriormente est\u00e1 prohibida, salvo previa autorizaci\u00f3n por escrito de BRF &#8211; BRF S.A.<\/p>\n<p>14. El usuario asume toda y cualquier responsabilidad por el uso indebido de las informaciones, textos, gr\u00e1ficos, marcas, obras, im\u00e1genes, videos, en fin, de todo y cualquier derecho de propiedad intelectual o industrial del sitio web de BRF &#8211; BRF S.A. El uso no autorizado o el uso indebido ser\u00e1 considerado violaci\u00f3n de los derechos de autor y sujeta a las sanciones que corresponden a la Ley 9.610, de 19 de febrero de 1998, que protege los derechos de autor en Brasil.<\/p>\n<p><em>*Cookie: peque\u00f1o archivo colocado en su computadora para rastrear los movimientos dentro de los sitios web.<\/em><\/p>\n","protected":false},"excerpt":{"rendered":"<p>Al navegar por este sitio web, el visitante y\/o usuario declara haber le\u00eddo, comprendido y aceptado los T\u00e9rminos y Condiciones de Uso que lo rigen, la Pol\u00edtica de Privacidad y todas las dem\u00e1s alertas y avisos que puedan aparecer vinculados a asuntos tratados en dichos T\u00e9rminos. T\u00c9RMINOS Y CONDICIONES DE USO 1. Cualquier informaci\u00f3n que&#8230; <a href=\"https:\/\/www.brf-global.com\/es\/terminos-de-uso\/\" class=\"readmore\">Ler mais<\/a><\/p>\n","protected":false},"author":1,"featured_media":0,"parent":0,"menu_order":10,"comment_status":"closed","ping_status":"closed","template":"template-pages\/template-level-2-orfa.php","meta":{"_acf_changed":false,"footnotes":""},"yst_prominent_words":[],"class_list":["post-27431","page","type-page","status-publish","hentry"],"acf":[],"_links":{"self":[{"href":"https:\/\/www.brf-global.com\/es\/wp-json\/wp\/v2\/pages\/27431","targetHints":{"allow":["GET"]}}],"collection":[{"href":"https:\/\/www.brf-global.com\/es\/wp-json\/wp\/v2\/pages"}],"about":[{"href":"https:\/\/www.brf-global.com\/es\/wp-json\/wp\/v2\/types\/page"}],"author":[{"embeddable":true,"href":"https:\/\/www.brf-global.com\/es\/wp-json\/wp\/v2\/users\/1"}],"replies":[{"embeddable":true,"href":"https:\/\/www.brf-global.com\/es\/wp-json\/wp\/v2\/comments?post=27431"}],"version-history":[{"count":4,"href":"https:\/\/www.brf-global.com\/es\/wp-json\/wp\/v2\/pages\/27431\/revisions"}],"predecessor-version":[{"id":28014,"href":"https:\/\/www.brf-global.com\/es\/wp-json\/wp\/v2\/pages\/27431\/revisions\/28014"}],"wp:attachment":[{"href":"https:\/\/www.brf-global.com\/es\/wp-json\/wp\/v2\/media?parent=27431"}],"wp:term":[{"taxonomy":"yst_prominent_words","embeddable":true,"href":"https:\/\/www.brf-global.com\/es\/wp-json\/wp\/v2\/yst_prominent_words?post=27431"}],"curies":[{"name":"wp","href":"https:\/\/api.w.org\/{rel}","templated":true}]}}